{"id":313,"date":"2025-12-13T20:15:09","date_gmt":"2025-12-13T20:15:09","guid":{"rendered":"https:\/\/hotelpajarapinta.com\/?page_id=313"},"modified":"2025-12-13T21:06:46","modified_gmt":"2025-12-13T21:06:46","slug":"habitacion-suite","status":"publish","type":"page","link":"https:\/\/hotelpajarapinta.com\/en\/habitacion-suite\/","title":{"rendered":"habitacion-Suite"},"content":{"rendered":"<div data-elementor-type=\"wp-page\" data-elementor-id=\"313\" class=\"elementor elementor-313\" data-elementor-post-type=\"page\">\n\t\t\t\t<div class=\"elementor-element elementor-element-a2b82dc e-flex e-con-boxed e-con e-parent\" data-id=\"a2b82dc\" data-element_type=\"container\" data-e-type=\"container\">\n\t\t\t\t\t<div class=\"e-con-inner\">\n\t\t\t\t<div class=\"elementor-element elementor-element-abd1342 elementor--v-position-bottom elementor--h-position-center elementor-arrows-position-inside elementor-pagination-position-inside elementor-widget elementor-widget-slides\" data-id=\"abd1342\" data-element_type=\"widget\" data-e-type=\"widget\" data-settings=\"{&quot;navigation&quot;:&quot;both&quot;,&quot;autoplay&quot;:&quot;yes&quot;,&quot;pause_on_hover&quot;:&quot;yes&quot;,&quot;pause_on_interaction&quot;:&quot;yes&quot;,&quot;autoplay_speed&quot;:5000,&quot;infinite&quot;:&quot;yes&quot;,&quot;transition&quot;:&quot;slide&quot;,&quot;transition_speed&quot;:500}\" data-widget_type=\"slides.default\">\n\t\t\t\t\t\t\t\t\t\t<div class=\"elementor-slides-wrapper elementor-main-swiper swiper\" role=\"region\" aria-roledescription=\"carousel\" aria-label=\"Slides\" dir=\"ltr\" data-animation=\"fadeInDown\">\n\t\t\t\t<div class=\"swiper-wrapper elementor-slides\">\n\t\t\t\t\t\t\t\t\t\t<div class=\"elementor-repeater-item-a5970b5 swiper-slide\" role=\"group\" aria-roledescription=\"slide\"><div class=\"swiper-slide-bg\" role=\"img\" aria-label=\"Mesa de trabajo 1 copia 7\"><\/div><div class=\"elementor-background-overlay\"><\/div><div class=\"swiper-slide-inner\" ><div class=\"swiper-slide-contents\"><\/div><\/div><\/div>\t\t\t\t<\/div>\n\t\t\t\t\t\t\t<\/div>\n\t\t\t\t\t\t\t\t<\/div>\n\t\t\t\t\t<\/div>\n\t\t\t\t<\/div>\n\t\t<div class=\"elementor-element elementor-element-43b49464 e-flex e-con-boxed e-con e-parent\" data-id=\"43b49464\" data-element_type=\"container\" data-e-type=\"container\">\n\t\t\t\t\t<div class=\"e-con-inner\">\n\t\t\t\t<div class=\"elementor-element elementor-element-4c849bb0 elementor-widget elementor-widget-text-editor\" data-id=\"4c849bb0\" data-element_type=\"widget\" data-e-type=\"widget\" data-widget_type=\"text-editor.default\">\n\t\t\t\t\t\t\t\t\t\t\t\t\t\t\t\t\t<\/div>\n\t\t\t\t\t<\/div>\n\t\t\t\t<\/div>\n\t\t<div class=\"elementor-element elementor-element-606b698 e-flex e-con-boxed e-con e-parent\" data-id=\"606b698\" data-element_type=\"container\" data-e-type=\"container\">\n\t\t\t\t\t<div class=\"e-con-inner\">\n\t\t<div class=\"elementor-element elementor-element-83cc860 e-con-full e-flex e-con e-child\" data-id=\"83cc860\" data-element_type=\"container\" data-e-type=\"container\">\n\t\t\t\t<div class=\"elementor-element elementor-element-3ad5ee5 elementor-widget elementor-widget-image\" data-id=\"3ad5ee5\" data-element_type=\"widget\" data-e-type=\"widget\" data-widget_type=\"image.default\">\n\t\t\t\t\t\t\t\t\t\t\t\t\t\t\t<img fetchpriority=\"high\" decoding=\"async\" width=\"800\" height=\"450\" src=\"https:\/\/hotelpajarapinta.com\/wp-content\/uploads\/2025\/02\/Mesa-de-trabajo-1-copia-7-1400x788.png\" class=\"attachment-large size-large wp-image-148\" alt=\"\" srcset=\"https:\/\/hotelpajarapinta.com\/wp-content\/uploads\/2025\/02\/Mesa-de-trabajo-1-copia-7-1400x788.png 1400w, https:\/\/hotelpajarapinta.com\/wp-content\/uploads\/2025\/02\/Mesa-de-trabajo-1-copia-7-711x400.png 711w, https:\/\/hotelpajarapinta.com\/wp-content\/uploads\/2025\/02\/Mesa-de-trabajo-1-copia-7-768x432.png 768w, https:\/\/hotelpajarapinta.com\/wp-content\/uploads\/2025\/02\/Mesa-de-trabajo-1-copia-7-1536x864.png 1536w, https:\/\/hotelpajarapinta.com\/wp-content\/uploads\/2025\/02\/Mesa-de-trabajo-1-copia-7-600x338.png 600w, https:\/\/hotelpajarapinta.com\/wp-content\/uploads\/2025\/02\/Mesa-de-trabajo-1-copia-7.png 1921w\" sizes=\"(max-width: 800px) 100vw, 800px\" \/>\t\t\t\t\t\t\t\t\t\t\t\t\t\t\t<\/div>\n\t\t\t\t<\/div>\n\t\t<div class=\"elementor-element elementor-element-d598346 e-con-full e-flex e-con e-child\" data-id=\"d598346\" data-element_type=\"container\" data-e-type=\"container\">\n\t\t\t\t<div class=\"elementor-element elementor-element-02c9184 elementor-widget elementor-widget-text-editor\" data-id=\"02c9184\" data-element_type=\"widget\" data-e-type=\"widget\" data-widget_type=\"text-editor.default\">\n\t\t\t\t\t\t\t\t\t<p><span style=\"font-size: 140%;\">ROOM<\/span><\/p>\n<h5 class=\"uppercase\"><span style=\"font-size: 350%;\"><strong>SUITE DELUXE<\/strong><\/span><\/h5>\t\t\t\t\t\t\t\t<\/div>\n\t\t\t\t<div class=\"elementor-element elementor-element-886d644 elementor-widget elementor-widget-text-editor\" data-id=\"886d644\" data-element_type=\"widget\" data-e-type=\"widget\" data-widget_type=\"text-editor.default\">\n\t\t\t\t\t\t\t\t\t<p>The Deluxe Suite is a space that features colonial style characteristics. Its spaciousness provides the necessary comfort to enjoy your stay. It has a king-size bed (2x2 meters), which can be separated into two single beds (1 meter each), a desk, wardrobe, kettle, minibar refrigerator, air conditioning, cable TV, and a bathroom with hot water and a rain shower. It accommodates a maximum of 2 people and includes complimentary services: breakfast and free Wi-Fi.\u00a0<\/p>\t\t\t\t\t\t\t\t<\/div>\n\t\t\t\t<div class=\"elementor-element elementor-element-59eebfa elementor-align-center elementor-widget elementor-widget-button\" data-id=\"59eebfa\" data-element_type=\"widget\" data-e-type=\"widget\" data-widget_type=\"button.default\">\n\t\t\t\t\t\t\t\t\t\t<a class=\"elementor-button elementor-button-link elementor-size-sm\" href=\"https:\/\/engine.lobbypms.com\/hostal-p-jara-pinta\">\n\t\t\t\t\t\t<span class=\"elementor-button-content-wrapper\">\n\t\t\t\t\t\t\t\t\t<span class=\"elementor-button-text\">BOOKING<\/span>\n\t\t\t\t\t<\/span>\n\t\t\t\t\t<\/a>\n\t\t\t\t\t\t\t\t<\/div>\n\t\t\t\t<\/div>\n\t\t\t\t\t<\/div>\n\t\t\t\t<\/div>\n\t\t<div class=\"elementor-element elementor-element-156b822 e-flex e-con-boxed e-con e-parent\" data-id=\"156b822\" data-element_type=\"container\" data-e-type=\"container\">\n\t\t\t\t\t<div class=\"e-con-inner\">\n\t\t<div class=\"elementor-element elementor-element-e86d664 e-con-full e-flex e-con e-child\" data-id=\"e86d664\" data-element_type=\"container\" data-e-type=\"container\">\n\t\t\t\t<div class=\"elementor-element elementor-element-ec4465b elementor-position-top elementor-widget elementor-widget-image-box\" data-id=\"ec4465b\" data-element_type=\"widget\" data-e-type=\"widget\" data-widget_type=\"image-box.default\">\n\t\t\t\t\t<div class=\"elementor-image-box-wrapper\"><figure class=\"elementor-image-box-img\"><img decoding=\"async\" width=\"1080\" height=\"1081\" src=\"https:\/\/hotelpajarapinta.com\/wp-content\/uploads\/2025\/02\/Mesa-de-trabajo-3-copia-13.png\" class=\"attachment-full size-full wp-image-180\" alt=\"\" srcset=\"https:\/\/hotelpajarapinta.com\/wp-content\/uploads\/2025\/02\/Mesa-de-trabajo-3-copia-13.png 1080w, https:\/\/hotelpajarapinta.com\/wp-content\/uploads\/2025\/02\/Mesa-de-trabajo-3-copia-13-400x400.png 400w, https:\/\/hotelpajarapinta.com\/wp-content\/uploads\/2025\/02\/Mesa-de-trabajo-3-copia-13-799x800.png 799w, https:\/\/hotelpajarapinta.com\/wp-content\/uploads\/2025\/02\/Mesa-de-trabajo-3-copia-13-280x280.png 280w, https:\/\/hotelpajarapinta.com\/wp-content\/uploads\/2025\/02\/Mesa-de-trabajo-3-copia-13-768x769.png 768w, https:\/\/hotelpajarapinta.com\/wp-content\/uploads\/2025\/02\/Mesa-de-trabajo-3-copia-13-300x300.png 300w, https:\/\/hotelpajarapinta.com\/wp-content\/uploads\/2025\/02\/Mesa-de-trabajo-3-copia-13-600x601.png 600w, https:\/\/hotelpajarapinta.com\/wp-content\/uploads\/2025\/02\/Mesa-de-trabajo-3-copia-13-100x100.png 100w\" sizes=\"(max-width: 1080px) 100vw, 1080px\" \/><\/figure><div class=\"elementor-image-box-content\"><h3 class=\"elementor-image-box-title\">Breakfast<\/h3><\/div><\/div>\t\t\t\t<\/div>\n\t\t\t\t<\/div>\n\t\t<div class=\"elementor-element elementor-element-8f29c2e e-con-full e-flex e-con e-child\" data-id=\"8f29c2e\" data-element_type=\"container\" data-e-type=\"container\">\n\t\t\t\t<div class=\"elementor-element elementor-element-6110527 elementor-position-top elementor-widget elementor-widget-image-box\" data-id=\"6110527\" data-element_type=\"widget\" data-e-type=\"widget\" data-widget_type=\"image-box.default\">\n\t\t\t\t\t<div class=\"elementor-image-box-wrapper\"><figure class=\"elementor-image-box-img\"><img decoding=\"async\" width=\"1081\" height=\"1081\" src=\"https:\/\/hotelpajarapinta.com\/wp-content\/uploads\/2025\/02\/Mesa-de-trabajo-3-copia-14-1.png\" class=\"attachment-full size-full wp-image-181\" alt=\"\" srcset=\"https:\/\/hotelpajarapinta.com\/wp-content\/uploads\/2025\/02\/Mesa-de-trabajo-3-copia-14-1.png 1081w, https:\/\/hotelpajarapinta.com\/wp-content\/uploads\/2025\/02\/Mesa-de-trabajo-3-copia-14-1-400x400.png 400w, https:\/\/hotelpajarapinta.com\/wp-content\/uploads\/2025\/02\/Mesa-de-trabajo-3-copia-14-1-800x800.png 800w, https:\/\/hotelpajarapinta.com\/wp-content\/uploads\/2025\/02\/Mesa-de-trabajo-3-copia-14-1-280x280.png 280w, https:\/\/hotelpajarapinta.com\/wp-content\/uploads\/2025\/02\/Mesa-de-trabajo-3-copia-14-1-768x768.png 768w, https:\/\/hotelpajarapinta.com\/wp-content\/uploads\/2025\/02\/Mesa-de-trabajo-3-copia-14-1-300x300.png 300w, https:\/\/hotelpajarapinta.com\/wp-content\/uploads\/2025\/02\/Mesa-de-trabajo-3-copia-14-1-600x600.png 600w, https:\/\/hotelpajarapinta.com\/wp-content\/uploads\/2025\/02\/Mesa-de-trabajo-3-copia-14-1-100x100.png 100w\" sizes=\"(max-width: 1081px) 100vw, 1081px\" \/><\/figure><div class=\"elementor-image-box-content\"><h3 class=\"elementor-image-box-title\">Bathrooms<\/h3><\/div><\/div>\t\t\t\t<\/div>\n\t\t\t\t<\/div>\n\t\t<div class=\"elementor-element elementor-element-cfd5cd5 e-con-full e-flex e-con e-child\" data-id=\"cfd5cd5\" data-element_type=\"container\" data-e-type=\"container\">\n\t\t\t\t<div class=\"elementor-element elementor-element-5439c7f elementor-position-top elementor-widget elementor-widget-image-box\" data-id=\"5439c7f\" data-element_type=\"widget\" data-e-type=\"widget\" data-widget_type=\"image-box.default\">\n\t\t\t\t\t<div class=\"elementor-image-box-wrapper\"><figure class=\"elementor-image-box-img\"><img loading=\"lazy\" decoding=\"async\" width=\"1081\" height=\"1081\" src=\"https:\/\/hotelpajarapinta.com\/wp-content\/uploads\/2025\/02\/Mesa-de-trabajo-3-copia-17.png\" class=\"attachment-full size-full wp-image-184\" alt=\"\" srcset=\"https:\/\/hotelpajarapinta.com\/wp-content\/uploads\/2025\/02\/Mesa-de-trabajo-3-copia-17.png 1081w, https:\/\/hotelpajarapinta.com\/wp-content\/uploads\/2025\/02\/Mesa-de-trabajo-3-copia-17-400x400.png 400w, https:\/\/hotelpajarapinta.com\/wp-content\/uploads\/2025\/02\/Mesa-de-trabajo-3-copia-17-800x800.png 800w, https:\/\/hotelpajarapinta.com\/wp-content\/uploads\/2025\/02\/Mesa-de-trabajo-3-copia-17-280x280.png 280w, https:\/\/hotelpajarapinta.com\/wp-content\/uploads\/2025\/02\/Mesa-de-trabajo-3-copia-17-768x768.png 768w, https:\/\/hotelpajarapinta.com\/wp-content\/uploads\/2025\/02\/Mesa-de-trabajo-3-copia-17-300x300.png 300w, https:\/\/hotelpajarapinta.com\/wp-content\/uploads\/2025\/02\/Mesa-de-trabajo-3-copia-17-600x600.png 600w, https:\/\/hotelpajarapinta.com\/wp-content\/uploads\/2025\/02\/Mesa-de-trabajo-3-copia-17-100x100.png 100w\" sizes=\"(max-width: 1081px) 100vw, 1081px\" \/><\/figure><div class=\"elementor-image-box-content\"><h3 class=\"elementor-image-box-title\">TV<\/h3><\/div><\/div>\t\t\t\t<\/div>\n\t\t\t\t<\/div>\n\t\t<div class=\"elementor-element elementor-element-58662a3 e-con-full e-flex e-con e-child\" data-id=\"58662a3\" data-element_type=\"container\" data-e-type=\"container\">\n\t\t\t\t<div class=\"elementor-element elementor-element-7932a29 elementor-position-top elementor-widget elementor-widget-image-box\" data-id=\"7932a29\" data-element_type=\"widget\" data-e-type=\"widget\" data-widget_type=\"image-box.default\">\n\t\t\t\t\t<div class=\"elementor-image-box-wrapper\"><figure class=\"elementor-image-box-img\"><img loading=\"lazy\" decoding=\"async\" width=\"1081\" height=\"1081\" src=\"https:\/\/hotelpajarapinta.com\/wp-content\/uploads\/2025\/02\/Mesa-de-trabajo-3-copia-16.png\" class=\"attachment-full size-full wp-image-183\" alt=\"\" srcset=\"https:\/\/hotelpajarapinta.com\/wp-content\/uploads\/2025\/02\/Mesa-de-trabajo-3-copia-16.png 1081w, https:\/\/hotelpajarapinta.com\/wp-content\/uploads\/2025\/02\/Mesa-de-trabajo-3-copia-16-400x400.png 400w, https:\/\/hotelpajarapinta.com\/wp-content\/uploads\/2025\/02\/Mesa-de-trabajo-3-copia-16-800x800.png 800w, https:\/\/hotelpajarapinta.com\/wp-content\/uploads\/2025\/02\/Mesa-de-trabajo-3-copia-16-280x280.png 280w, https:\/\/hotelpajarapinta.com\/wp-content\/uploads\/2025\/02\/Mesa-de-trabajo-3-copia-16-768x768.png 768w, https:\/\/hotelpajarapinta.com\/wp-content\/uploads\/2025\/02\/Mesa-de-trabajo-3-copia-16-300x300.png 300w, https:\/\/hotelpajarapinta.com\/wp-content\/uploads\/2025\/02\/Mesa-de-trabajo-3-copia-16-600x600.png 600w, https:\/\/hotelpajarapinta.com\/wp-content\/uploads\/2025\/02\/Mesa-de-trabajo-3-copia-16-100x100.png 100w\" sizes=\"(max-width: 1081px) 100vw, 1081px\" \/><\/figure><div class=\"elementor-image-box-content\"><h3 class=\"elementor-image-box-title\">WIFI<\/h3><\/div><\/div>\t\t\t\t<\/div>\n\t\t\t\t<\/div>\n\t\t<div class=\"elementor-element elementor-element-32f0765 e-con-full e-flex e-con e-child\" data-id=\"32f0765\" data-element_type=\"container\" data-e-type=\"container\">\n\t\t\t\t<div class=\"elementor-element elementor-element-90c13f7 elementor-position-top elementor-widget elementor-widget-image-box\" data-id=\"90c13f7\" data-element_type=\"widget\" data-e-type=\"widget\" data-widget_type=\"image-box.default\">\n\t\t\t\t\t<div class=\"elementor-image-box-wrapper\"><figure class=\"elementor-image-box-img\"><img loading=\"lazy\" decoding=\"async\" width=\"1081\" height=\"1081\" src=\"https:\/\/hotelpajarapinta.com\/wp-content\/uploads\/2025\/02\/Mesa-de-trabajo-3-copia-15.png\" class=\"attachment-full size-full wp-image-182\" alt=\"\" srcset=\"https:\/\/hotelpajarapinta.com\/wp-content\/uploads\/2025\/02\/Mesa-de-trabajo-3-copia-15.png 1081w, https:\/\/hotelpajarapinta.com\/wp-content\/uploads\/2025\/02\/Mesa-de-trabajo-3-copia-15-400x400.png 400w, https:\/\/hotelpajarapinta.com\/wp-content\/uploads\/2025\/02\/Mesa-de-trabajo-3-copia-15-800x800.png 800w, https:\/\/hotelpajarapinta.com\/wp-content\/uploads\/2025\/02\/Mesa-de-trabajo-3-copia-15-280x280.png 280w, https:\/\/hotelpajarapinta.com\/wp-content\/uploads\/2025\/02\/Mesa-de-trabajo-3-copia-15-768x768.png 768w, https:\/\/hotelpajarapinta.com\/wp-content\/uploads\/2025\/02\/Mesa-de-trabajo-3-copia-15-300x300.png 300w, https:\/\/hotelpajarapinta.com\/wp-content\/uploads\/2025\/02\/Mesa-de-trabajo-3-copia-15-600x600.png 600w, https:\/\/hotelpajarapinta.com\/wp-content\/uploads\/2025\/02\/Mesa-de-trabajo-3-copia-15-100x100.png 100w\" sizes=\"(max-width: 1081px) 100vw, 1081px\" \/><\/figure><div class=\"elementor-image-box-content\"><h3 class=\"elementor-image-box-title\">Common areas<\/h3><\/div><\/div>\t\t\t\t<\/div>\n\t\t\t\t<\/div>\n\t\t\t\t\t<\/div>\n\t\t\t\t<\/div>\n\t\t<div class=\"elementor-element elementor-element-8609d58 e-flex e-con-boxed e-con e-parent\" data-id=\"8609d58\" data-element_type=\"container\" data-e-type=\"container\">\n\t\t\t\t\t<div class=\"e-con-inner\">\n\t\t<div class=\"elementor-element elementor-element-2e37f06 e-con-full e-flex e-con e-child\" data-id=\"2e37f06\" data-element_type=\"container\" data-e-type=\"container\">\n\t\t\t\t<div class=\"elementor-element elementor-element-8a1e515 elementor-widget elementor-widget-image\" data-id=\"8a1e515\" data-element_type=\"widget\" data-e-type=\"widget\" data-widget_type=\"image.default\">\n\t\t\t\t\t\t\t\t\t\t\t\t\t\t\t<img loading=\"lazy\" decoding=\"async\" width=\"800\" height=\"486\" src=\"https:\/\/hotelpajarapinta.com\/wp-content\/uploads\/2025\/02\/Mesa-de-trabajo-3-copia-44-1316x800.png\" class=\"attachment-large size-large wp-image-149\" alt=\"\" srcset=\"https:\/\/hotelpajarapinta.com\/wp-content\/uploads\/2025\/02\/Mesa-de-trabajo-3-copia-44-1316x800.png 1316w, https:\/\/hotelpajarapinta.com\/wp-content\/uploads\/2025\/02\/Mesa-de-trabajo-3-copia-44-658x400.png 658w, https:\/\/hotelpajarapinta.com\/wp-content\/uploads\/2025\/02\/Mesa-de-trabajo-3-copia-44-768x467.png 768w, https:\/\/hotelpajarapinta.com\/wp-content\/uploads\/2025\/02\/Mesa-de-trabajo-3-copia-44-1536x934.png 1536w, https:\/\/hotelpajarapinta.com\/wp-content\/uploads\/2025\/02\/Mesa-de-trabajo-3-copia-44-600x365.png 600w, https:\/\/hotelpajarapinta.com\/wp-content\/uploads\/2025\/02\/Mesa-de-trabajo-3-copia-44.png 1778w\" sizes=\"(max-width: 800px) 100vw, 800px\" \/>\t\t\t\t\t\t\t\t\t\t\t\t\t\t\t<\/div>\n\t\t\t\t<\/div>\n\t\t<div class=\"elementor-element elementor-element-c94e520 e-con-full e-flex e-con e-child\" data-id=\"c94e520\" data-element_type=\"container\" data-e-type=\"container\">\n\t\t\t\t<div class=\"elementor-element elementor-element-0980445 elementor-widget elementor-widget-image\" data-id=\"0980445\" data-element_type=\"widget\" data-e-type=\"widget\" data-widget_type=\"image.default\">\n\t\t\t\t\t\t\t\t\t\t\t\t\t\t\t<img loading=\"lazy\" decoding=\"async\" width=\"800\" height=\"533\" src=\"https:\/\/hotelpajarapinta.com\/wp-content\/uploads\/2025\/02\/IMG_4415-1200x800.jpg\" class=\"attachment-large size-large wp-image-233\" alt=\"\" srcset=\"https:\/\/hotelpajarapinta.com\/wp-content\/uploads\/2025\/02\/IMG_4415-1200x800.jpg 1200w, https:\/\/hotelpajarapinta.com\/wp-content\/uploads\/2025\/02\/IMG_4415-600x400.jpg 600w, https:\/\/hotelpajarapinta.com\/wp-content\/uploads\/2025\/02\/IMG_4415-768x512.jpg 768w, https:\/\/hotelpajarapinta.com\/wp-content\/uploads\/2025\/02\/IMG_4415-1536x1024.jpg 1536w, https:\/\/hotelpajarapinta.com\/wp-content\/uploads\/2025\/02\/IMG_4415-2048x1365.jpg 2048w\" sizes=\"(max-width: 800px) 100vw, 800px\" \/>\t\t\t\t\t\t\t\t\t\t\t\t\t\t\t<\/div>\n\t\t\t\t<\/div>\n\t\t<div class=\"elementor-element elementor-element-a67e8f1 e-con-full e-flex e-con e-child\" data-id=\"a67e8f1\" data-element_type=\"container\" data-e-type=\"container\">\n\t\t\t\t<div class=\"elementor-element elementor-element-6985ed7 elementor-widget elementor-widget-image\" data-id=\"6985ed7\" data-element_type=\"widget\" data-e-type=\"widget\" data-widget_type=\"image.default\">\n\t\t\t\t\t\t\t\t\t\t\t\t\t\t\t<img loading=\"lazy\" decoding=\"async\" width=\"2560\" height=\"1707\" src=\"https:\/\/hotelpajarapinta.com\/wp-content\/uploads\/2025\/02\/IMG_4413-scaled.jpg\" class=\"attachment-full size-full wp-image-237\" alt=\"\" srcset=\"https:\/\/hotelpajarapinta.com\/wp-content\/uploads\/2025\/02\/IMG_4413-scaled.jpg 2560w, https:\/\/hotelpajarapinta.com\/wp-content\/uploads\/2025\/02\/IMG_4413-600x400.jpg 600w, https:\/\/hotelpajarapinta.com\/wp-content\/uploads\/2025\/02\/IMG_4413-1200x800.jpg 1200w, https:\/\/hotelpajarapinta.com\/wp-content\/uploads\/2025\/02\/IMG_4413-768x512.jpg 768w, https:\/\/hotelpajarapinta.com\/wp-content\/uploads\/2025\/02\/IMG_4413-1536x1024.jpg 1536w, https:\/\/hotelpajarapinta.com\/wp-content\/uploads\/2025\/02\/IMG_4413-2048x1365.jpg 2048w\" sizes=\"(max-width: 2560px) 100vw, 2560px\" \/>\t\t\t\t\t\t\t\t\t\t\t\t\t\t\t<\/div>\n\t\t\t\t<\/div>\n\t\t<div class=\"elementor-element elementor-element-e52bbd8 e-con-full e-flex e-con e-child\" data-id=\"e52bbd8\" data-element_type=\"container\" data-e-type=\"container\">\n\t\t\t\t<div class=\"elementor-element elementor-element-4c4e94c elementor-widget elementor-widget-image\" data-id=\"4c4e94c\" data-element_type=\"widget\" data-e-type=\"widget\" data-widget_type=\"image.default\">\n\t\t\t\t\t\t\t\t\t\t\t\t\t\t\t<img loading=\"lazy\" decoding=\"async\" width=\"2560\" height=\"1707\" src=\"https:\/\/hotelpajarapinta.com\/wp-content\/uploads\/2025\/02\/suit-206-1-scaled.jpg\" class=\"attachment-full size-full wp-image-235\" alt=\"\" srcset=\"https:\/\/hotelpajarapinta.com\/wp-content\/uploads\/2025\/02\/suit-206-1-scaled.jpg 2560w, https:\/\/hotelpajarapinta.com\/wp-content\/uploads\/2025\/02\/suit-206-1-600x400.jpg 600w, https:\/\/hotelpajarapinta.com\/wp-content\/uploads\/2025\/02\/suit-206-1-1200x800.jpg 1200w, https:\/\/hotelpajarapinta.com\/wp-content\/uploads\/2025\/02\/suit-206-1-768x512.jpg 768w, https:\/\/hotelpajarapinta.com\/wp-content\/uploads\/2025\/02\/suit-206-1-1536x1024.jpg 1536w, https:\/\/hotelpajarapinta.com\/wp-content\/uploads\/2025\/02\/suit-206-1-2048x1365.jpg 2048w\" sizes=\"(max-width: 2560px) 100vw, 2560px\" \/>\t\t\t\t\t\t\t\t\t\t\t\t\t\t\t<\/div>\n\t\t\t\t<\/div>\n\t\t\t\t\t<\/div>\n\t\t\t\t<\/div>\n\t\t\t\t<\/div>","protected":false},"excerpt":{"rendered":"<p>HABITACI\u00d3N SUITE DELUXE La Suite Deluxe es un espacio que posee caracter\u00edsticas del estilo colonial,\u00a0 su amplitud nos brinda un comfort necesario para disfrutar la estad\u00eda, cuenta con una cama king de 2\u00d72 mt, tiene la opci\u00f3n de separar la cama por dos\u00a0 de 1mt, un escritorio, armario, tetera, nevera minibar, aire acondicionado, televisi\u00f3n por [&hellip;]<\/p>\n","protected":false},"author":1,"featured_media":0,"parent":0,"menu_order":0,"comment_status":"closed","ping_status":"closed","template":"elementor_header_footer","meta":{"footnotes":""},"class_list":["post-313","page","type-page","status-publish","hentry"],"_links":{"self":[{"href":"https:\/\/hotelpajarapinta.com\/en\/wp-json\/wp\/v2\/pages\/313","targetHints":{"allow":["GET"]}}],"collection":[{"href":"https:\/\/hotelpajarapinta.com\/en\/wp-json\/wp\/v2\/pages"}],"about":[{"href":"https:\/\/hotelpajarapinta.com\/en\/wp-json\/wp\/v2\/types\/page"}],"author":[{"embeddable":true,"href":"https:\/\/hotelpajarapinta.com\/en\/wp-json\/wp\/v2\/users\/1"}],"replies":[{"embeddable":true,"href":"https:\/\/hotelpajarapinta.com\/en\/wp-json\/wp\/v2\/comments?post=313"}],"version-history":[{"count":14,"href":"https:\/\/hotelpajarapinta.com\/en\/wp-json\/wp\/v2\/pages\/313\/revisions"}],"predecessor-version":[{"id":398,"href":"https:\/\/hotelpajarapinta.com\/en\/wp-json\/wp\/v2\/pages\/313\/revisions\/398"}],"wp:attachment":[{"href":"https:\/\/hotelpajarapinta.com\/en\/wp-json\/wp\/v2\/media?parent=313"}],"curies":[{"name":"wp","href":"https:\/\/api.w.org\/{rel}","templated":true}]}}