{"id":302,"date":"2025-12-13T20:09:46","date_gmt":"2025-12-13T20:09:46","guid":{"rendered":"https:\/\/hotelpajarapinta.com\/?page_id=302"},"modified":"2025-12-13T21:06:39","modified_gmt":"2025-12-13T21:06:39","slug":"habitacion-quad","status":"publish","type":"page","link":"https:\/\/hotelpajarapinta.com\/en\/habitacion-quad\/","title":{"rendered":"habitacion-Quad"},"content":{"rendered":"<div data-elementor-type=\"wp-page\" data-elementor-id=\"302\" class=\"elementor elementor-302\" data-elementor-post-type=\"page\">\n\t\t\t\t<div class=\"elementor-element elementor-element-a2b82dc e-flex e-con-boxed e-con e-parent\" data-id=\"a2b82dc\" data-element_type=\"container\" data-e-type=\"container\">\n\t\t\t\t\t<div class=\"e-con-inner\">\n\t\t\t\t<div class=\"elementor-element elementor-element-abd1342 elementor--h-position-center elementor--v-position-middle elementor-arrows-position-inside elementor-pagination-position-inside elementor-widget elementor-widget-slides\" data-id=\"abd1342\" data-element_type=\"widget\" data-e-type=\"widget\" data-settings=\"{&quot;navigation&quot;:&quot;both&quot;,&quot;autoplay&quot;:&quot;yes&quot;,&quot;pause_on_hover&quot;:&quot;yes&quot;,&quot;pause_on_interaction&quot;:&quot;yes&quot;,&quot;autoplay_speed&quot;:5000,&quot;infinite&quot;:&quot;yes&quot;,&quot;transition&quot;:&quot;slide&quot;,&quot;transition_speed&quot;:500}\" data-widget_type=\"slides.default\">\n\t\t\t\t\t\t\t\t\t\t<div class=\"elementor-slides-wrapper elementor-main-swiper swiper\" role=\"region\" aria-roledescription=\"carousel\" aria-label=\"Slides\" dir=\"ltr\" data-animation=\"fadeInDown\">\n\t\t\t\t<div class=\"swiper-wrapper elementor-slides\">\n\t\t\t\t\t\t\t\t\t\t<div class=\"elementor-repeater-item-a5970b5 swiper-slide\" role=\"group\" aria-roledescription=\"slide\"><div class=\"swiper-slide-bg\" role=\"img\" aria-label=\"Mesa de trabajo 3 copia 35\"><\/div><div class=\"elementor-background-overlay\"><\/div><div class=\"swiper-slide-inner\" ><div class=\"swiper-slide-contents\"><\/div><\/div><\/div>\t\t\t\t<\/div>\n\t\t\t\t\t\t\t<\/div>\n\t\t\t\t\t\t\t\t<\/div>\n\t\t\t\t\t<\/div>\n\t\t\t\t<\/div>\n\t\t<div class=\"elementor-element elementor-element-43b49464 e-flex e-con-boxed e-con e-parent\" data-id=\"43b49464\" data-element_type=\"container\" data-e-type=\"container\">\n\t\t\t\t\t<div class=\"e-con-inner\">\n\t\t\t\t<div class=\"elementor-element elementor-element-4c849bb0 elementor-widget elementor-widget-text-editor\" data-id=\"4c849bb0\" data-element_type=\"widget\" data-e-type=\"widget\" data-widget_type=\"text-editor.default\">\n\t\t\t\t\t\t\t\t\t\t\t\t\t\t\t\t\t<\/div>\n\t\t\t\t\t<\/div>\n\t\t\t\t<\/div>\n\t\t<div class=\"elementor-element elementor-element-606b698 e-flex e-con-boxed e-con e-parent\" data-id=\"606b698\" data-element_type=\"container\" data-e-type=\"container\">\n\t\t\t\t\t<div class=\"e-con-inner\">\n\t\t<div class=\"elementor-element elementor-element-83cc860 e-con-full e-flex e-con e-child\" data-id=\"83cc860\" data-element_type=\"container\" data-e-type=\"container\">\n\t\t\t\t<div class=\"elementor-element elementor-element-3ad5ee5 elementor-widget elementor-widget-image\" data-id=\"3ad5ee5\" data-element_type=\"widget\" data-e-type=\"widget\" data-widget_type=\"image.default\">\n\t\t\t\t\t\t\t\t\t\t\t\t\t\t\t<img fetchpriority=\"high\" decoding=\"async\" width=\"800\" height=\"691\" src=\"https:\/\/hotelpajarapinta.com\/wp-content\/uploads\/2025\/02\/Mesa-de-trabajo-3-copia-35-926x800.png\" class=\"attachment-large size-large wp-image-99\" alt=\"\" srcset=\"https:\/\/hotelpajarapinta.com\/wp-content\/uploads\/2025\/02\/Mesa-de-trabajo-3-copia-35-926x800.png 926w, https:\/\/hotelpajarapinta.com\/wp-content\/uploads\/2025\/02\/Mesa-de-trabajo-3-copia-35-463x400.png 463w, https:\/\/hotelpajarapinta.com\/wp-content\/uploads\/2025\/02\/Mesa-de-trabajo-3-copia-35-768x664.png 768w, https:\/\/hotelpajarapinta.com\/wp-content\/uploads\/2025\/02\/Mesa-de-trabajo-3-copia-35-600x518.png 600w, https:\/\/hotelpajarapinta.com\/wp-content\/uploads\/2025\/02\/Mesa-de-trabajo-3-copia-35.png 1251w\" sizes=\"(max-width: 800px) 100vw, 800px\" \/>\t\t\t\t\t\t\t\t\t\t\t\t\t\t\t<\/div>\n\t\t\t\t<\/div>\n\t\t<div class=\"elementor-element elementor-element-d598346 e-con-full e-flex e-con e-child\" data-id=\"d598346\" data-element_type=\"container\" data-e-type=\"container\">\n\t\t\t\t<div class=\"elementor-element elementor-element-02c9184 elementor-widget elementor-widget-text-editor\" data-id=\"02c9184\" data-element_type=\"widget\" data-e-type=\"widget\" data-widget_type=\"text-editor.default\">\n\t\t\t\t\t\t\t\t\t<p><span style=\"font-size: 160%;\" data-line-height=\"xs\">ROOM<\/span><\/p>\n<h5 class=\"uppercase\"><span style=\"font-size: 300%;\" data-line-height=\"xs\"><strong>QUAQ<\/strong><\/span><\/h5>\t\t\t\t\t\t\t\t<\/div>\n\t\t\t\t<div class=\"elementor-element elementor-element-886d644 elementor-widget elementor-widget-text-editor\" data-id=\"886d644\" data-element_type=\"widget\" data-e-type=\"widget\" data-widget_type=\"text-editor.default\">\n\t\t\t\t\t\t\t\t\t<p>The Quad Room features two 1.40m x 2m beds, cable TV, a closet, and a bathroom with hot water, providing the necessary comfort to enjoy with friends or family. Its accommodation is for a maximum of 4 people, with complementary services: breakfast and free Wi-Fi.<\/p>\t\t\t\t\t\t\t\t<\/div>\n\t\t\t\t<div class=\"elementor-element elementor-element-59eebfa elementor-align-center elementor-widget elementor-widget-button\" data-id=\"59eebfa\" data-element_type=\"widget\" data-e-type=\"widget\" data-widget_type=\"button.default\">\n\t\t\t\t\t\t\t\t\t\t<a class=\"elementor-button elementor-button-link elementor-size-sm\" href=\"https:\/\/engine.lobbypms.com\/hostal-p-jara-pinta\">\n\t\t\t\t\t\t<span class=\"elementor-button-content-wrapper\">\n\t\t\t\t\t\t\t\t\t<span class=\"elementor-button-text\">BOOKING<\/span>\n\t\t\t\t\t<\/span>\n\t\t\t\t\t<\/a>\n\t\t\t\t\t\t\t\t<\/div>\n\t\t\t\t<\/div>\n\t\t\t\t\t<\/div>\n\t\t\t\t<\/div>\n\t\t<div class=\"elementor-element elementor-element-156b822 e-flex e-con-boxed e-con e-parent\" data-id=\"156b822\" data-element_type=\"container\" data-e-type=\"container\">\n\t\t\t\t\t<div class=\"e-con-inner\">\n\t\t<div class=\"elementor-element elementor-element-e86d664 e-con-full e-flex e-con e-child\" data-id=\"e86d664\" data-element_type=\"container\" data-e-type=\"container\">\n\t\t\t\t<div class=\"elementor-element elementor-element-ec4465b elementor-position-top elementor-widget elementor-widget-image-box\" data-id=\"ec4465b\" data-element_type=\"widget\" data-e-type=\"widget\" data-widget_type=\"image-box.default\">\n\t\t\t\t\t<div class=\"elementor-image-box-wrapper\"><figure class=\"elementor-image-box-img\"><img decoding=\"async\" width=\"1080\" height=\"1081\" src=\"https:\/\/hotelpajarapinta.com\/wp-content\/uploads\/2025\/02\/Mesa-de-trabajo-3-copia-13.png\" class=\"attachment-full size-full wp-image-180\" alt=\"\" srcset=\"https:\/\/hotelpajarapinta.com\/wp-content\/uploads\/2025\/02\/Mesa-de-trabajo-3-copia-13.png 1080w, https:\/\/hotelpajarapinta.com\/wp-content\/uploads\/2025\/02\/Mesa-de-trabajo-3-copia-13-400x400.png 400w, https:\/\/hotelpajarapinta.com\/wp-content\/uploads\/2025\/02\/Mesa-de-trabajo-3-copia-13-799x800.png 799w, https:\/\/hotelpajarapinta.com\/wp-content\/uploads\/2025\/02\/Mesa-de-trabajo-3-copia-13-280x280.png 280w, https:\/\/hotelpajarapinta.com\/wp-content\/uploads\/2025\/02\/Mesa-de-trabajo-3-copia-13-768x769.png 768w, https:\/\/hotelpajarapinta.com\/wp-content\/uploads\/2025\/02\/Mesa-de-trabajo-3-copia-13-300x300.png 300w, https:\/\/hotelpajarapinta.com\/wp-content\/uploads\/2025\/02\/Mesa-de-trabajo-3-copia-13-600x601.png 600w, https:\/\/hotelpajarapinta.com\/wp-content\/uploads\/2025\/02\/Mesa-de-trabajo-3-copia-13-100x100.png 100w\" sizes=\"(max-width: 1080px) 100vw, 1080px\" \/><\/figure><div class=\"elementor-image-box-content\"><h3 class=\"elementor-image-box-title\">Breakfast<\/h3><\/div><\/div>\t\t\t\t<\/div>\n\t\t\t\t<\/div>\n\t\t<div class=\"elementor-element elementor-element-8f29c2e e-con-full e-flex e-con e-child\" data-id=\"8f29c2e\" data-element_type=\"container\" data-e-type=\"container\">\n\t\t\t\t<div class=\"elementor-element elementor-element-6110527 elementor-position-top elementor-widget elementor-widget-image-box\" data-id=\"6110527\" data-element_type=\"widget\" data-e-type=\"widget\" data-widget_type=\"image-box.default\">\n\t\t\t\t\t<div class=\"elementor-image-box-wrapper\"><figure class=\"elementor-image-box-img\"><img decoding=\"async\" width=\"1081\" height=\"1081\" src=\"https:\/\/hotelpajarapinta.com\/wp-content\/uploads\/2025\/02\/Mesa-de-trabajo-3-copia-14-1.png\" class=\"attachment-full size-full wp-image-181\" alt=\"\" srcset=\"https:\/\/hotelpajarapinta.com\/wp-content\/uploads\/2025\/02\/Mesa-de-trabajo-3-copia-14-1.png 1081w, https:\/\/hotelpajarapinta.com\/wp-content\/uploads\/2025\/02\/Mesa-de-trabajo-3-copia-14-1-400x400.png 400w, https:\/\/hotelpajarapinta.com\/wp-content\/uploads\/2025\/02\/Mesa-de-trabajo-3-copia-14-1-800x800.png 800w, https:\/\/hotelpajarapinta.com\/wp-content\/uploads\/2025\/02\/Mesa-de-trabajo-3-copia-14-1-280x280.png 280w, https:\/\/hotelpajarapinta.com\/wp-content\/uploads\/2025\/02\/Mesa-de-trabajo-3-copia-14-1-768x768.png 768w, https:\/\/hotelpajarapinta.com\/wp-content\/uploads\/2025\/02\/Mesa-de-trabajo-3-copia-14-1-300x300.png 300w, https:\/\/hotelpajarapinta.com\/wp-content\/uploads\/2025\/02\/Mesa-de-trabajo-3-copia-14-1-600x600.png 600w, https:\/\/hotelpajarapinta.com\/wp-content\/uploads\/2025\/02\/Mesa-de-trabajo-3-copia-14-1-100x100.png 100w\" sizes=\"(max-width: 1081px) 100vw, 1081px\" \/><\/figure><div class=\"elementor-image-box-content\"><h3 class=\"elementor-image-box-title\">Bathrooms<\/h3><\/div><\/div>\t\t\t\t<\/div>\n\t\t\t\t<\/div>\n\t\t<div class=\"elementor-element elementor-element-cfd5cd5 e-con-full e-flex e-con e-child\" data-id=\"cfd5cd5\" data-element_type=\"container\" data-e-type=\"container\">\n\t\t\t\t<div class=\"elementor-element elementor-element-5439c7f elementor-position-top elementor-widget elementor-widget-image-box\" data-id=\"5439c7f\" data-element_type=\"widget\" data-e-type=\"widget\" data-widget_type=\"image-box.default\">\n\t\t\t\t\t<div class=\"elementor-image-box-wrapper\"><figure class=\"elementor-image-box-img\"><img loading=\"lazy\" decoding=\"async\" width=\"1081\" height=\"1081\" src=\"https:\/\/hotelpajarapinta.com\/wp-content\/uploads\/2025\/02\/Mesa-de-trabajo-3-copia-17.png\" class=\"attachment-full size-full wp-image-184\" alt=\"\" srcset=\"https:\/\/hotelpajarapinta.com\/wp-content\/uploads\/2025\/02\/Mesa-de-trabajo-3-copia-17.png 1081w, https:\/\/hotelpajarapinta.com\/wp-content\/uploads\/2025\/02\/Mesa-de-trabajo-3-copia-17-400x400.png 400w, https:\/\/hotelpajarapinta.com\/wp-content\/uploads\/2025\/02\/Mesa-de-trabajo-3-copia-17-800x800.png 800w, https:\/\/hotelpajarapinta.com\/wp-content\/uploads\/2025\/02\/Mesa-de-trabajo-3-copia-17-280x280.png 280w, https:\/\/hotelpajarapinta.com\/wp-content\/uploads\/2025\/02\/Mesa-de-trabajo-3-copia-17-768x768.png 768w, https:\/\/hotelpajarapinta.com\/wp-content\/uploads\/2025\/02\/Mesa-de-trabajo-3-copia-17-300x300.png 300w, https:\/\/hotelpajarapinta.com\/wp-content\/uploads\/2025\/02\/Mesa-de-trabajo-3-copia-17-600x600.png 600w, https:\/\/hotelpajarapinta.com\/wp-content\/uploads\/2025\/02\/Mesa-de-trabajo-3-copia-17-100x100.png 100w\" sizes=\"(max-width: 1081px) 100vw, 1081px\" \/><\/figure><div class=\"elementor-image-box-content\"><h3 class=\"elementor-image-box-title\">TV<\/h3><\/div><\/div>\t\t\t\t<\/div>\n\t\t\t\t<\/div>\n\t\t<div class=\"elementor-element elementor-element-58662a3 e-con-full e-flex e-con e-child\" data-id=\"58662a3\" data-element_type=\"container\" data-e-type=\"container\">\n\t\t\t\t<div class=\"elementor-element elementor-element-7932a29 elementor-position-top elementor-widget elementor-widget-image-box\" data-id=\"7932a29\" data-element_type=\"widget\" data-e-type=\"widget\" data-widget_type=\"image-box.default\">\n\t\t\t\t\t<div class=\"elementor-image-box-wrapper\"><figure class=\"elementor-image-box-img\"><img loading=\"lazy\" decoding=\"async\" width=\"1081\" height=\"1081\" src=\"https:\/\/hotelpajarapinta.com\/wp-content\/uploads\/2025\/02\/Mesa-de-trabajo-3-copia-16.png\" class=\"attachment-full size-full wp-image-183\" alt=\"\" srcset=\"https:\/\/hotelpajarapinta.com\/wp-content\/uploads\/2025\/02\/Mesa-de-trabajo-3-copia-16.png 1081w, https:\/\/hotelpajarapinta.com\/wp-content\/uploads\/2025\/02\/Mesa-de-trabajo-3-copia-16-400x400.png 400w, https:\/\/hotelpajarapinta.com\/wp-content\/uploads\/2025\/02\/Mesa-de-trabajo-3-copia-16-800x800.png 800w, https:\/\/hotelpajarapinta.com\/wp-content\/uploads\/2025\/02\/Mesa-de-trabajo-3-copia-16-280x280.png 280w, https:\/\/hotelpajarapinta.com\/wp-content\/uploads\/2025\/02\/Mesa-de-trabajo-3-copia-16-768x768.png 768w, https:\/\/hotelpajarapinta.com\/wp-content\/uploads\/2025\/02\/Mesa-de-trabajo-3-copia-16-300x300.png 300w, https:\/\/hotelpajarapinta.com\/wp-content\/uploads\/2025\/02\/Mesa-de-trabajo-3-copia-16-600x600.png 600w, https:\/\/hotelpajarapinta.com\/wp-content\/uploads\/2025\/02\/Mesa-de-trabajo-3-copia-16-100x100.png 100w\" sizes=\"(max-width: 1081px) 100vw, 1081px\" \/><\/figure><div class=\"elementor-image-box-content\"><h3 class=\"elementor-image-box-title\">WIFI<\/h3><\/div><\/div>\t\t\t\t<\/div>\n\t\t\t\t<\/div>\n\t\t<div class=\"elementor-element elementor-element-32f0765 e-con-full e-flex e-con e-child\" data-id=\"32f0765\" data-element_type=\"container\" data-e-type=\"container\">\n\t\t\t\t<div class=\"elementor-element elementor-element-90c13f7 elementor-position-top elementor-widget elementor-widget-image-box\" data-id=\"90c13f7\" data-element_type=\"widget\" data-e-type=\"widget\" data-widget_type=\"image-box.default\">\n\t\t\t\t\t<div class=\"elementor-image-box-wrapper\"><figure class=\"elementor-image-box-img\"><img loading=\"lazy\" decoding=\"async\" width=\"1081\" height=\"1081\" src=\"https:\/\/hotelpajarapinta.com\/wp-content\/uploads\/2025\/02\/Mesa-de-trabajo-3-copia-15.png\" class=\"attachment-full size-full wp-image-182\" alt=\"\" srcset=\"https:\/\/hotelpajarapinta.com\/wp-content\/uploads\/2025\/02\/Mesa-de-trabajo-3-copia-15.png 1081w, https:\/\/hotelpajarapinta.com\/wp-content\/uploads\/2025\/02\/Mesa-de-trabajo-3-copia-15-400x400.png 400w, https:\/\/hotelpajarapinta.com\/wp-content\/uploads\/2025\/02\/Mesa-de-trabajo-3-copia-15-800x800.png 800w, https:\/\/hotelpajarapinta.com\/wp-content\/uploads\/2025\/02\/Mesa-de-trabajo-3-copia-15-280x280.png 280w, https:\/\/hotelpajarapinta.com\/wp-content\/uploads\/2025\/02\/Mesa-de-trabajo-3-copia-15-768x768.png 768w, https:\/\/hotelpajarapinta.com\/wp-content\/uploads\/2025\/02\/Mesa-de-trabajo-3-copia-15-300x300.png 300w, https:\/\/hotelpajarapinta.com\/wp-content\/uploads\/2025\/02\/Mesa-de-trabajo-3-copia-15-600x600.png 600w, https:\/\/hotelpajarapinta.com\/wp-content\/uploads\/2025\/02\/Mesa-de-trabajo-3-copia-15-100x100.png 100w\" sizes=\"(max-width: 1081px) 100vw, 1081px\" \/><\/figure><div class=\"elementor-image-box-content\"><h3 class=\"elementor-image-box-title\">Common areas<\/h3><\/div><\/div>\t\t\t\t<\/div>\n\t\t\t\t<\/div>\n\t\t\t\t\t<\/div>\n\t\t\t\t<\/div>\n\t\t<div class=\"elementor-element elementor-element-8609d58 e-flex e-con-boxed e-con e-parent\" data-id=\"8609d58\" data-element_type=\"container\" data-e-type=\"container\">\n\t\t\t\t\t<div class=\"e-con-inner\">\n\t\t<div class=\"elementor-element elementor-element-2e37f06 e-con-full e-flex e-con e-child\" data-id=\"2e37f06\" data-element_type=\"container\" data-e-type=\"container\">\n\t\t\t\t<div class=\"elementor-element elementor-element-8a1e515 elementor-widget elementor-widget-image\" data-id=\"8a1e515\" data-element_type=\"widget\" data-e-type=\"widget\" data-widget_type=\"image.default\">\n\t\t\t\t\t\t\t\t\t\t\t\t\t\t\t<img loading=\"lazy\" decoding=\"async\" width=\"800\" height=\"450\" src=\"https:\/\/hotelpajarapinta.com\/wp-content\/uploads\/2025\/02\/Mesa-de-trabajo-1-copia-2-1400x788.png\" class=\"attachment-large size-large wp-image-163\" alt=\"\" srcset=\"https:\/\/hotelpajarapinta.com\/wp-content\/uploads\/2025\/02\/Mesa-de-trabajo-1-copia-2-1400x788.png 1400w, https:\/\/hotelpajarapinta.com\/wp-content\/uploads\/2025\/02\/Mesa-de-trabajo-1-copia-2-711x400.png 711w, https:\/\/hotelpajarapinta.com\/wp-content\/uploads\/2025\/02\/Mesa-de-trabajo-1-copia-2-768x432.png 768w, https:\/\/hotelpajarapinta.com\/wp-content\/uploads\/2025\/02\/Mesa-de-trabajo-1-copia-2-1536x864.png 1536w, https:\/\/hotelpajarapinta.com\/wp-content\/uploads\/2025\/02\/Mesa-de-trabajo-1-copia-2-600x338.png 600w, https:\/\/hotelpajarapinta.com\/wp-content\/uploads\/2025\/02\/Mesa-de-trabajo-1-copia-2.png 1921w\" sizes=\"(max-width: 800px) 100vw, 800px\" \/>\t\t\t\t\t\t\t\t\t\t\t\t\t\t\t<\/div>\n\t\t\t\t<\/div>\n\t\t<div class=\"elementor-element elementor-element-c94e520 e-con-full e-flex e-con e-child\" data-id=\"c94e520\" data-element_type=\"container\" data-e-type=\"container\">\n\t\t\t\t<div class=\"elementor-element elementor-element-0980445 elementor-widget elementor-widget-image\" data-id=\"0980445\" data-element_type=\"widget\" data-e-type=\"widget\" data-widget_type=\"image.default\">\n\t\t\t\t\t\t\t\t\t\t\t\t\t\t\t<img loading=\"lazy\" decoding=\"async\" width=\"800\" height=\"545\" src=\"https:\/\/hotelpajarapinta.com\/wp-content\/uploads\/2025\/02\/Mesa-de-trabajo-3-copia-28-1174x800.png\" class=\"attachment-large size-large wp-image-108\" alt=\"\" srcset=\"https:\/\/hotelpajarapinta.com\/wp-content\/uploads\/2025\/02\/Mesa-de-trabajo-3-copia-28-1174x800.png 1174w, https:\/\/hotelpajarapinta.com\/wp-content\/uploads\/2025\/02\/Mesa-de-trabajo-3-copia-28-587x400.png 587w, https:\/\/hotelpajarapinta.com\/wp-content\/uploads\/2025\/02\/Mesa-de-trabajo-3-copia-28-768x523.png 768w, https:\/\/hotelpajarapinta.com\/wp-content\/uploads\/2025\/02\/Mesa-de-trabajo-3-copia-28-1536x1046.png 1536w, https:\/\/hotelpajarapinta.com\/wp-content\/uploads\/2025\/02\/Mesa-de-trabajo-3-copia-28-600x409.png 600w, https:\/\/hotelpajarapinta.com\/wp-content\/uploads\/2025\/02\/Mesa-de-trabajo-3-copia-28.png 1587w\" sizes=\"(max-width: 800px) 100vw, 800px\" \/>\t\t\t\t\t\t\t\t\t\t\t\t\t\t\t<\/div>\n\t\t\t\t<\/div>\n\t\t<div class=\"elementor-element elementor-element-a67e8f1 e-con-full e-flex e-con e-child\" data-id=\"a67e8f1\" data-element_type=\"container\" data-e-type=\"container\">\n\t\t\t\t<div class=\"elementor-element elementor-element-6985ed7 elementor-widget elementor-widget-image\" data-id=\"6985ed7\" data-element_type=\"widget\" data-e-type=\"widget\" data-widget_type=\"image.default\">\n\t\t\t\t\t\t\t\t\t\t\t\t\t\t\t<img loading=\"lazy\" decoding=\"async\" width=\"1081\" height=\"1081\" src=\"https:\/\/hotelpajarapinta.com\/wp-content\/uploads\/2025\/02\/Mesa-de-trabajo-3-copia-23.png\" class=\"attachment-full size-full wp-image-113\" alt=\"\" srcset=\"https:\/\/hotelpajarapinta.com\/wp-content\/uploads\/2025\/02\/Mesa-de-trabajo-3-copia-23.png 1081w, https:\/\/hotelpajarapinta.com\/wp-content\/uploads\/2025\/02\/Mesa-de-trabajo-3-copia-23-400x400.png 400w, https:\/\/hotelpajarapinta.com\/wp-content\/uploads\/2025\/02\/Mesa-de-trabajo-3-copia-23-800x800.png 800w, https:\/\/hotelpajarapinta.com\/wp-content\/uploads\/2025\/02\/Mesa-de-trabajo-3-copia-23-280x280.png 280w, https:\/\/hotelpajarapinta.com\/wp-content\/uploads\/2025\/02\/Mesa-de-trabajo-3-copia-23-768x768.png 768w, https:\/\/hotelpajarapinta.com\/wp-content\/uploads\/2025\/02\/Mesa-de-trabajo-3-copia-23-300x300.png 300w, https:\/\/hotelpajarapinta.com\/wp-content\/uploads\/2025\/02\/Mesa-de-trabajo-3-copia-23-600x600.png 600w, https:\/\/hotelpajarapinta.com\/wp-content\/uploads\/2025\/02\/Mesa-de-trabajo-3-copia-23-100x100.png 100w\" sizes=\"(max-width: 1081px) 100vw, 1081px\" \/>\t\t\t\t\t\t\t\t\t\t\t\t\t\t\t<\/div>\n\t\t\t\t<\/div>\n\t\t\t\t\t<\/div>\n\t\t\t\t<\/div>\n\t\t\t\t<\/div>","protected":false},"excerpt":{"rendered":"<p>HABITACI\u00d3N QUAQ La habitaci\u00f3n Quad (cu\u00e1druple) cuenta con\u00a0 dos camas de 1.40mt X 2mt, con televisi\u00f3n por cable , un armario y\u00a0 ba\u00f1o con agua caliente, brindando el comfort necesario para disfrutar con amigos o en familia, su acomodaci\u00f3n es para m\u00e1ximo 4 personas con servicios complementarios: desayuno y wifi gratis. RESERVA Desayuno Ba\u00f1os Televisi\u00f3n [&hellip;]<\/p>\n","protected":false},"author":1,"featured_media":0,"parent":0,"menu_order":0,"comment_status":"closed","ping_status":"closed","template":"elementor_header_footer","meta":{"footnotes":""},"class_list":["post-302","page","type-page","status-publish","hentry"],"_links":{"self":[{"href":"https:\/\/hotelpajarapinta.com\/en\/wp-json\/wp\/v2\/pages\/302","targetHints":{"allow":["GET"]}}],"collection":[{"href":"https:\/\/hotelpajarapinta.com\/en\/wp-json\/wp\/v2\/pages"}],"about":[{"href":"https:\/\/hotelpajarapinta.com\/en\/wp-json\/wp\/v2\/types\/page"}],"author":[{"embeddable":true,"href":"https:\/\/hotelpajarapinta.com\/en\/wp-json\/wp\/v2\/users\/1"}],"replies":[{"embeddable":true,"href":"https:\/\/hotelpajarapinta.com\/en\/wp-json\/wp\/v2\/comments?post=302"}],"version-history":[{"count":14,"href":"https:\/\/hotelpajarapinta.com\/en\/wp-json\/wp\/v2\/pages\/302\/revisions"}],"predecessor-version":[{"id":395,"href":"https:\/\/hotelpajarapinta.com\/en\/wp-json\/wp\/v2\/pages\/302\/revisions\/395"}],"wp:attachment":[{"href":"https:\/\/hotelpajarapinta.com\/en\/wp-json\/wp\/v2\/media?parent=302"}],"curies":[{"name":"wp","href":"https:\/\/api.w.org\/{rel}","templated":true}]}}