{"id":291,"date":"2025-12-01T20:55:49","date_gmt":"2025-12-01T20:55:49","guid":{"rendered":"https:\/\/hotelpajarapinta.com\/?page_id=291"},"modified":"2025-12-13T21:06:33","modified_gmt":"2025-12-13T21:06:33","slug":"habitacion-estandar","status":"publish","type":"page","link":"https:\/\/hotelpajarapinta.com\/en\/habitacion-estandar\/","title":{"rendered":"habitacion-estandar"},"content":{"rendered":"<div data-elementor-type=\"wp-page\" data-elementor-id=\"291\" class=\"elementor elementor-291\" data-elementor-post-type=\"page\">\n\t\t\t\t<div class=\"elementor-element elementor-element-a2b82dc e-flex e-con-boxed e-con e-parent\" data-id=\"a2b82dc\" data-element_type=\"container\" data-e-type=\"container\">\n\t\t\t\t\t<div class=\"e-con-inner\">\n\t\t\t\t<div class=\"elementor-element elementor-element-abd1342 elementor--h-position-center elementor--v-position-middle elementor-arrows-position-inside elementor-pagination-position-inside elementor-widget elementor-widget-slides\" data-id=\"abd1342\" data-element_type=\"widget\" data-e-type=\"widget\" data-settings=\"{&quot;navigation&quot;:&quot;both&quot;,&quot;autoplay&quot;:&quot;yes&quot;,&quot;pause_on_hover&quot;:&quot;yes&quot;,&quot;pause_on_interaction&quot;:&quot;yes&quot;,&quot;autoplay_speed&quot;:5000,&quot;infinite&quot;:&quot;yes&quot;,&quot;transition&quot;:&quot;slide&quot;,&quot;transition_speed&quot;:500}\" data-widget_type=\"slides.default\">\n\t\t\t\t\t\t\t\t\t\t<div class=\"elementor-slides-wrapper elementor-main-swiper swiper\" role=\"region\" aria-roledescription=\"carousel\" aria-label=\"Slides\" dir=\"ltr\" data-animation=\"fadeInDown\">\n\t\t\t\t<div class=\"swiper-wrapper elementor-slides\">\n\t\t\t\t\t\t\t\t\t\t<div class=\"elementor-repeater-item-a5970b5 swiper-slide\" role=\"group\" aria-roledescription=\"slide\"><div class=\"swiper-slide-bg\" role=\"img\" aria-label=\"Mesa de trabajo 3 copia 36\"><\/div><div class=\"elementor-background-overlay\"><\/div><div class=\"swiper-slide-inner\" ><div class=\"swiper-slide-contents\"><\/div><\/div><\/div>\t\t\t\t<\/div>\n\t\t\t\t\t\t\t<\/div>\n\t\t\t\t\t\t\t\t<\/div>\n\t\t\t\t\t<\/div>\n\t\t\t\t<\/div>\n\t\t<div class=\"elementor-element elementor-element-43b49464 e-flex e-con-boxed e-con e-parent\" data-id=\"43b49464\" data-element_type=\"container\" data-e-type=\"container\">\n\t\t\t\t\t<div class=\"e-con-inner\">\n\t\t\t\t<div class=\"elementor-element elementor-element-4c849bb0 elementor-widget elementor-widget-text-editor\" data-id=\"4c849bb0\" data-element_type=\"widget\" data-e-type=\"widget\" data-widget_type=\"text-editor.default\">\n\t\t\t\t\t\t\t\t\t\t\t\t\t\t\t\t\t<\/div>\n\t\t\t\t\t<\/div>\n\t\t\t\t<\/div>\n\t\t<div class=\"elementor-element elementor-element-606b698 e-flex e-con-boxed e-con e-parent\" data-id=\"606b698\" data-element_type=\"container\" data-e-type=\"container\">\n\t\t\t\t\t<div class=\"e-con-inner\">\n\t\t<div class=\"elementor-element elementor-element-83cc860 e-con-full e-flex e-con e-child\" data-id=\"83cc860\" data-element_type=\"container\" data-e-type=\"container\">\n\t\t\t\t<div class=\"elementor-element elementor-element-3ad5ee5 elementor-widget elementor-widget-image\" data-id=\"3ad5ee5\" data-element_type=\"widget\" data-e-type=\"widget\" data-widget_type=\"image.default\">\n\t\t\t\t\t\t\t\t\t\t\t\t\t\t\t<img fetchpriority=\"high\" decoding=\"async\" width=\"800\" height=\"691\" src=\"https:\/\/hotelpajarapinta.com\/wp-content\/uploads\/2025\/02\/Mesa-de-trabajo-3-copia-36-926x800.png\" class=\"attachment-large size-large wp-image-100\" alt=\"\" srcset=\"https:\/\/hotelpajarapinta.com\/wp-content\/uploads\/2025\/02\/Mesa-de-trabajo-3-copia-36-926x800.png 926w, https:\/\/hotelpajarapinta.com\/wp-content\/uploads\/2025\/02\/Mesa-de-trabajo-3-copia-36-463x400.png 463w, https:\/\/hotelpajarapinta.com\/wp-content\/uploads\/2025\/02\/Mesa-de-trabajo-3-copia-36-768x664.png 768w, https:\/\/hotelpajarapinta.com\/wp-content\/uploads\/2025\/02\/Mesa-de-trabajo-3-copia-36-600x518.png 600w, https:\/\/hotelpajarapinta.com\/wp-content\/uploads\/2025\/02\/Mesa-de-trabajo-3-copia-36.png 1251w\" sizes=\"(max-width: 800px) 100vw, 800px\" \/>\t\t\t\t\t\t\t\t\t\t\t\t\t\t\t<\/div>\n\t\t\t\t<\/div>\n\t\t<div class=\"elementor-element elementor-element-d598346 e-con-full e-flex e-con e-child\" data-id=\"d598346\" data-element_type=\"container\" data-e-type=\"container\">\n\t\t\t\t<div class=\"elementor-element elementor-element-02c9184 elementor-widget elementor-widget-text-editor\" data-id=\"02c9184\" data-element_type=\"widget\" data-e-type=\"widget\" data-widget_type=\"text-editor.default\">\n\t\t\t\t\t\t\t\t\t<p>ROOM<\/p>\n<h3><span style=\"font-size: 180%;\"><strong>EST\u00c1NDAR<\/strong><\/span><\/h3>\t\t\t\t\t\t\t\t<\/div>\n\t\t\t\t<div class=\"elementor-element elementor-element-886d644 elementor-widget elementor-widget-text-editor\" data-id=\"886d644\" data-element_type=\"widget\" data-e-type=\"widget\" data-widget_type=\"text-editor.default\">\n\t\t\t\t\t\t\t\t\t<p>The standard rooms: are a space with colonial details, their bed is 1.40 x 2 meters, their spaces provide comfort and the necessary rest to enjoy your stay, it has air conditioning, cable TV, bathroom with hot water and a closet. Its accommodation is for a maximum of 2 people with complementary services: breakfast and free Wi-Fi.\u00a0<\/p>\t\t\t\t\t\t\t\t<\/div>\n\t\t\t\t<div class=\"elementor-element elementor-element-59eebfa elementor-align-center elementor-widget elementor-widget-button\" data-id=\"59eebfa\" data-element_type=\"widget\" data-e-type=\"widget\" data-widget_type=\"button.default\">\n\t\t\t\t\t\t\t\t\t\t<a class=\"elementor-button elementor-button-link elementor-size-sm\" href=\"https:\/\/engine.lobbypms.com\/hostal-p-jara-pinta\">\n\t\t\t\t\t\t<span class=\"elementor-button-content-wrapper\">\n\t\t\t\t\t\t\t\t\t<span class=\"elementor-button-text\">BOOKING<\/span>\n\t\t\t\t\t<\/span>\n\t\t\t\t\t<\/a>\n\t\t\t\t\t\t\t\t<\/div>\n\t\t\t\t<\/div>\n\t\t\t\t\t<\/div>\n\t\t\t\t<\/div>\n\t\t<div class=\"elementor-element elementor-element-156b822 e-flex e-con-boxed e-con e-parent\" data-id=\"156b822\" data-element_type=\"container\" data-e-type=\"container\">\n\t\t\t\t\t<div class=\"e-con-inner\">\n\t\t<div class=\"elementor-element elementor-element-e86d664 e-con-full e-flex e-con e-child\" data-id=\"e86d664\" data-element_type=\"container\" data-e-type=\"container\">\n\t\t\t\t<div class=\"elementor-element elementor-element-ec4465b elementor-position-top elementor-widget elementor-widget-image-box\" data-id=\"ec4465b\" data-element_type=\"widget\" data-e-type=\"widget\" data-widget_type=\"image-box.default\">\n\t\t\t\t\t<div class=\"elementor-image-box-wrapper\"><figure class=\"elementor-image-box-img\"><img decoding=\"async\" width=\"1080\" height=\"1081\" src=\"https:\/\/hotelpajarapinta.com\/wp-content\/uploads\/2025\/02\/Mesa-de-trabajo-3-copia-13.png\" class=\"attachment-full size-full wp-image-180\" alt=\"\" srcset=\"https:\/\/hotelpajarapinta.com\/wp-content\/uploads\/2025\/02\/Mesa-de-trabajo-3-copia-13.png 1080w, https:\/\/hotelpajarapinta.com\/wp-content\/uploads\/2025\/02\/Mesa-de-trabajo-3-copia-13-400x400.png 400w, https:\/\/hotelpajarapinta.com\/wp-content\/uploads\/2025\/02\/Mesa-de-trabajo-3-copia-13-799x800.png 799w, https:\/\/hotelpajarapinta.com\/wp-content\/uploads\/2025\/02\/Mesa-de-trabajo-3-copia-13-280x280.png 280w, https:\/\/hotelpajarapinta.com\/wp-content\/uploads\/2025\/02\/Mesa-de-trabajo-3-copia-13-768x769.png 768w, https:\/\/hotelpajarapinta.com\/wp-content\/uploads\/2025\/02\/Mesa-de-trabajo-3-copia-13-300x300.png 300w, https:\/\/hotelpajarapinta.com\/wp-content\/uploads\/2025\/02\/Mesa-de-trabajo-3-copia-13-600x601.png 600w, https:\/\/hotelpajarapinta.com\/wp-content\/uploads\/2025\/02\/Mesa-de-trabajo-3-copia-13-100x100.png 100w\" sizes=\"(max-width: 1080px) 100vw, 1080px\" \/><\/figure><div class=\"elementor-image-box-content\"><h3 class=\"elementor-image-box-title\">Breakfast<\/h3><\/div><\/div>\t\t\t\t<\/div>\n\t\t\t\t<\/div>\n\t\t<div class=\"elementor-element elementor-element-8f29c2e e-con-full e-flex e-con e-child\" data-id=\"8f29c2e\" data-element_type=\"container\" data-e-type=\"container\">\n\t\t\t\t<div class=\"elementor-element elementor-element-6110527 elementor-position-top elementor-widget elementor-widget-image-box\" data-id=\"6110527\" data-element_type=\"widget\" data-e-type=\"widget\" data-widget_type=\"image-box.default\">\n\t\t\t\t\t<div class=\"elementor-image-box-wrapper\"><figure class=\"elementor-image-box-img\"><img decoding=\"async\" width=\"1081\" height=\"1081\" src=\"https:\/\/hotelpajarapinta.com\/wp-content\/uploads\/2025\/02\/Mesa-de-trabajo-3-copia-14-1.png\" class=\"attachment-full size-full wp-image-181\" alt=\"\" srcset=\"https:\/\/hotelpajarapinta.com\/wp-content\/uploads\/2025\/02\/Mesa-de-trabajo-3-copia-14-1.png 1081w, https:\/\/hotelpajarapinta.com\/wp-content\/uploads\/2025\/02\/Mesa-de-trabajo-3-copia-14-1-400x400.png 400w, https:\/\/hotelpajarapinta.com\/wp-content\/uploads\/2025\/02\/Mesa-de-trabajo-3-copia-14-1-800x800.png 800w, https:\/\/hotelpajarapinta.com\/wp-content\/uploads\/2025\/02\/Mesa-de-trabajo-3-copia-14-1-280x280.png 280w, https:\/\/hotelpajarapinta.com\/wp-content\/uploads\/2025\/02\/Mesa-de-trabajo-3-copia-14-1-768x768.png 768w, https:\/\/hotelpajarapinta.com\/wp-content\/uploads\/2025\/02\/Mesa-de-trabajo-3-copia-14-1-300x300.png 300w, https:\/\/hotelpajarapinta.com\/wp-content\/uploads\/2025\/02\/Mesa-de-trabajo-3-copia-14-1-600x600.png 600w, https:\/\/hotelpajarapinta.com\/wp-content\/uploads\/2025\/02\/Mesa-de-trabajo-3-copia-14-1-100x100.png 100w\" sizes=\"(max-width: 1081px) 100vw, 1081px\" \/><\/figure><div class=\"elementor-image-box-content\"><h3 class=\"elementor-image-box-title\">Bathrooms<\/h3><\/div><\/div>\t\t\t\t<\/div>\n\t\t\t\t<\/div>\n\t\t<div class=\"elementor-element elementor-element-cfd5cd5 e-con-full e-flex e-con e-child\" data-id=\"cfd5cd5\" data-element_type=\"container\" data-e-type=\"container\">\n\t\t\t\t<div class=\"elementor-element elementor-element-5439c7f elementor-position-top elementor-widget elementor-widget-image-box\" data-id=\"5439c7f\" data-element_type=\"widget\" data-e-type=\"widget\" data-widget_type=\"image-box.default\">\n\t\t\t\t\t<div class=\"elementor-image-box-wrapper\"><figure class=\"elementor-image-box-img\"><img loading=\"lazy\" decoding=\"async\" width=\"1081\" height=\"1081\" src=\"https:\/\/hotelpajarapinta.com\/wp-content\/uploads\/2025\/02\/Mesa-de-trabajo-3-copia-17.png\" class=\"attachment-full size-full wp-image-184\" alt=\"\" srcset=\"https:\/\/hotelpajarapinta.com\/wp-content\/uploads\/2025\/02\/Mesa-de-trabajo-3-copia-17.png 1081w, https:\/\/hotelpajarapinta.com\/wp-content\/uploads\/2025\/02\/Mesa-de-trabajo-3-copia-17-400x400.png 400w, https:\/\/hotelpajarapinta.com\/wp-content\/uploads\/2025\/02\/Mesa-de-trabajo-3-copia-17-800x800.png 800w, https:\/\/hotelpajarapinta.com\/wp-content\/uploads\/2025\/02\/Mesa-de-trabajo-3-copia-17-280x280.png 280w, https:\/\/hotelpajarapinta.com\/wp-content\/uploads\/2025\/02\/Mesa-de-trabajo-3-copia-17-768x768.png 768w, https:\/\/hotelpajarapinta.com\/wp-content\/uploads\/2025\/02\/Mesa-de-trabajo-3-copia-17-300x300.png 300w, https:\/\/hotelpajarapinta.com\/wp-content\/uploads\/2025\/02\/Mesa-de-trabajo-3-copia-17-600x600.png 600w, https:\/\/hotelpajarapinta.com\/wp-content\/uploads\/2025\/02\/Mesa-de-trabajo-3-copia-17-100x100.png 100w\" sizes=\"(max-width: 1081px) 100vw, 1081px\" \/><\/figure><div class=\"elementor-image-box-content\"><h3 class=\"elementor-image-box-title\">TV<\/h3><\/div><\/div>\t\t\t\t<\/div>\n\t\t\t\t<\/div>\n\t\t<div class=\"elementor-element elementor-element-58662a3 e-con-full e-flex e-con e-child\" data-id=\"58662a3\" data-element_type=\"container\" data-e-type=\"container\">\n\t\t\t\t<div class=\"elementor-element elementor-element-7932a29 elementor-position-top elementor-widget elementor-widget-image-box\" data-id=\"7932a29\" data-element_type=\"widget\" data-e-type=\"widget\" data-widget_type=\"image-box.default\">\n\t\t\t\t\t<div class=\"elementor-image-box-wrapper\"><figure class=\"elementor-image-box-img\"><img loading=\"lazy\" decoding=\"async\" width=\"1081\" height=\"1081\" src=\"https:\/\/hotelpajarapinta.com\/wp-content\/uploads\/2025\/02\/Mesa-de-trabajo-3-copia-16.png\" class=\"attachment-full size-full wp-image-183\" alt=\"\" srcset=\"https:\/\/hotelpajarapinta.com\/wp-content\/uploads\/2025\/02\/Mesa-de-trabajo-3-copia-16.png 1081w, https:\/\/hotelpajarapinta.com\/wp-content\/uploads\/2025\/02\/Mesa-de-trabajo-3-copia-16-400x400.png 400w, https:\/\/hotelpajarapinta.com\/wp-content\/uploads\/2025\/02\/Mesa-de-trabajo-3-copia-16-800x800.png 800w, https:\/\/hotelpajarapinta.com\/wp-content\/uploads\/2025\/02\/Mesa-de-trabajo-3-copia-16-280x280.png 280w, https:\/\/hotelpajarapinta.com\/wp-content\/uploads\/2025\/02\/Mesa-de-trabajo-3-copia-16-768x768.png 768w, https:\/\/hotelpajarapinta.com\/wp-content\/uploads\/2025\/02\/Mesa-de-trabajo-3-copia-16-300x300.png 300w, https:\/\/hotelpajarapinta.com\/wp-content\/uploads\/2025\/02\/Mesa-de-trabajo-3-copia-16-600x600.png 600w, https:\/\/hotelpajarapinta.com\/wp-content\/uploads\/2025\/02\/Mesa-de-trabajo-3-copia-16-100x100.png 100w\" sizes=\"(max-width: 1081px) 100vw, 1081px\" \/><\/figure><div class=\"elementor-image-box-content\"><h3 class=\"elementor-image-box-title\">WIFI<\/h3><\/div><\/div>\t\t\t\t<\/div>\n\t\t\t\t<\/div>\n\t\t<div class=\"elementor-element elementor-element-32f0765 e-con-full e-flex e-con e-child\" data-id=\"32f0765\" data-element_type=\"container\" data-e-type=\"container\">\n\t\t\t\t<div class=\"elementor-element elementor-element-90c13f7 elementor-position-top elementor-widget elementor-widget-image-box\" data-id=\"90c13f7\" data-element_type=\"widget\" data-e-type=\"widget\" data-widget_type=\"image-box.default\">\n\t\t\t\t\t<div class=\"elementor-image-box-wrapper\"><figure class=\"elementor-image-box-img\"><img loading=\"lazy\" decoding=\"async\" width=\"1081\" height=\"1081\" src=\"https:\/\/hotelpajarapinta.com\/wp-content\/uploads\/2025\/02\/Mesa-de-trabajo-3-copia-15.png\" class=\"attachment-full size-full wp-image-182\" alt=\"\" srcset=\"https:\/\/hotelpajarapinta.com\/wp-content\/uploads\/2025\/02\/Mesa-de-trabajo-3-copia-15.png 1081w, https:\/\/hotelpajarapinta.com\/wp-content\/uploads\/2025\/02\/Mesa-de-trabajo-3-copia-15-400x400.png 400w, https:\/\/hotelpajarapinta.com\/wp-content\/uploads\/2025\/02\/Mesa-de-trabajo-3-copia-15-800x800.png 800w, https:\/\/hotelpajarapinta.com\/wp-content\/uploads\/2025\/02\/Mesa-de-trabajo-3-copia-15-280x280.png 280w, https:\/\/hotelpajarapinta.com\/wp-content\/uploads\/2025\/02\/Mesa-de-trabajo-3-copia-15-768x768.png 768w, https:\/\/hotelpajarapinta.com\/wp-content\/uploads\/2025\/02\/Mesa-de-trabajo-3-copia-15-300x300.png 300w, https:\/\/hotelpajarapinta.com\/wp-content\/uploads\/2025\/02\/Mesa-de-trabajo-3-copia-15-600x600.png 600w, https:\/\/hotelpajarapinta.com\/wp-content\/uploads\/2025\/02\/Mesa-de-trabajo-3-copia-15-100x100.png 100w\" sizes=\"(max-width: 1081px) 100vw, 1081px\" \/><\/figure><div class=\"elementor-image-box-content\"><h3 class=\"elementor-image-box-title\">Common areas<\/h3><\/div><\/div>\t\t\t\t<\/div>\n\t\t\t\t<\/div>\n\t\t\t\t\t<\/div>\n\t\t\t\t<\/div>\n\t\t<div class=\"elementor-element elementor-element-fd248f1 e-flex e-con-boxed e-con e-parent\" data-id=\"fd248f1\" data-element_type=\"container\" data-e-type=\"container\">\n\t\t\t\t\t<div class=\"e-con-inner\">\n\t\t\t\t<div class=\"elementor-element elementor-element-f045211 elementor-widget elementor-widget-heading\" data-id=\"f045211\" data-element_type=\"widget\" data-e-type=\"widget\" data-widget_type=\"heading.default\">\n\t\t\t\t\t<h1 class=\"elementor-heading-title elementor-size-default\">BOOKING<\/h1>\t\t\t\t<\/div>\n\t\t\t\t\t<\/div>\n\t\t\t\t<\/div>\n\t\t<div class=\"elementor-element elementor-element-50f5332 e-flex e-con-boxed e-con e-parent\" data-id=\"50f5332\" data-element_type=\"container\" data-e-type=\"container\">\n\t\t\t\t\t<div class=\"e-con-inner\">\n\t\t<div class=\"elementor-element elementor-element-ce778ac e-con-full e-flex e-con e-child\" data-id=\"ce778ac\" data-element_type=\"container\" data-e-type=\"container\">\n\t\t\t\t<div class=\"elementor-element elementor-element-8362ab9 elementor-widget elementor-widget-image\" data-id=\"8362ab9\" data-element_type=\"widget\" data-e-type=\"widget\" data-widget_type=\"image.default\">\n\t\t\t\t\t\t\t\t\t\t\t\t\t\t\t<img loading=\"lazy\" decoding=\"async\" width=\"800\" height=\"450\" src=\"https:\/\/hotelpajarapinta.com\/wp-content\/uploads\/2025\/02\/Mesa-de-trabajo-1-copia-4-1400x788.png\" class=\"attachment-large size-large wp-image-134\" alt=\"\" srcset=\"https:\/\/hotelpajarapinta.com\/wp-content\/uploads\/2025\/02\/Mesa-de-trabajo-1-copia-4-1400x788.png 1400w, https:\/\/hotelpajarapinta.com\/wp-content\/uploads\/2025\/02\/Mesa-de-trabajo-1-copia-4-711x400.png 711w, https:\/\/hotelpajarapinta.com\/wp-content\/uploads\/2025\/02\/Mesa-de-trabajo-1-copia-4-768x432.png 768w, https:\/\/hotelpajarapinta.com\/wp-content\/uploads\/2025\/02\/Mesa-de-trabajo-1-copia-4-1536x864.png 1536w, https:\/\/hotelpajarapinta.com\/wp-content\/uploads\/2025\/02\/Mesa-de-trabajo-1-copia-4-600x338.png 600w, https:\/\/hotelpajarapinta.com\/wp-content\/uploads\/2025\/02\/Mesa-de-trabajo-1-copia-4.png 1921w\" sizes=\"(max-width: 800px) 100vw, 800px\" \/>\t\t\t\t\t\t\t\t\t\t\t\t\t\t\t<\/div>\n\t\t\t\t<div class=\"elementor-element elementor-element-b1ec667 elementor-align-center elementor-widget elementor-widget-button\" data-id=\"b1ec667\" data-element_type=\"widget\" data-e-type=\"widget\" data-widget_type=\"button.default\">\n\t\t\t\t\t\t\t\t\t\t<a class=\"elementor-button elementor-button-link elementor-size-sm\" href=\"https:\/\/engine.lobbypms.com\/hostal-p-jara-pinta\">\n\t\t\t\t\t\t<span class=\"elementor-button-content-wrapper\">\n\t\t\t\t\t\t\t\t\t<span class=\"elementor-button-text\">BOOKING<\/span>\n\t\t\t\t\t<\/span>\n\t\t\t\t\t<\/a>\n\t\t\t\t\t\t\t\t<\/div>\n\t\t\t\t<\/div>\n\t\t<div class=\"elementor-element elementor-element-38d52d4 e-con-full e-flex e-con e-child\" data-id=\"38d52d4\" data-element_type=\"container\" data-e-type=\"container\">\n\t\t\t\t<div class=\"elementor-element elementor-element-3ae42f8 elementor-widget elementor-widget-image\" data-id=\"3ae42f8\" data-element_type=\"widget\" data-e-type=\"widget\" data-widget_type=\"image.default\">\n\t\t\t\t\t\t\t\t\t\t\t\t\t\t\t<img loading=\"lazy\" decoding=\"async\" width=\"800\" height=\"450\" src=\"https:\/\/hotelpajarapinta.com\/wp-content\/uploads\/2025\/02\/Mesa-de-trabajo-1-copia-3-1400x788.png\" class=\"attachment-large size-large wp-image-133\" alt=\"\" srcset=\"https:\/\/hotelpajarapinta.com\/wp-content\/uploads\/2025\/02\/Mesa-de-trabajo-1-copia-3-1400x788.png 1400w, https:\/\/hotelpajarapinta.com\/wp-content\/uploads\/2025\/02\/Mesa-de-trabajo-1-copia-3-711x400.png 711w, https:\/\/hotelpajarapinta.com\/wp-content\/uploads\/2025\/02\/Mesa-de-trabajo-1-copia-3-768x432.png 768w, https:\/\/hotelpajarapinta.com\/wp-content\/uploads\/2025\/02\/Mesa-de-trabajo-1-copia-3-1536x864.png 1536w, https:\/\/hotelpajarapinta.com\/wp-content\/uploads\/2025\/02\/Mesa-de-trabajo-1-copia-3-600x338.png 600w, https:\/\/hotelpajarapinta.com\/wp-content\/uploads\/2025\/02\/Mesa-de-trabajo-1-copia-3.png 1921w\" sizes=\"(max-width: 800px) 100vw, 800px\" \/>\t\t\t\t\t\t\t\t\t\t\t\t\t\t\t<\/div>\n\t\t\t\t<div class=\"elementor-element elementor-element-dbeb163 elementor-align-center elementor-widget elementor-widget-button\" data-id=\"dbeb163\" data-element_type=\"widget\" data-e-type=\"widget\" data-widget_type=\"button.default\">\n\t\t\t\t\t\t\t\t\t\t<a class=\"elementor-button elementor-button-link elementor-size-sm\" href=\"https:\/\/engine.lobbypms.com\/hostal-p-jara-pinta\">\n\t\t\t\t\t\t<span class=\"elementor-button-content-wrapper\">\n\t\t\t\t\t\t\t\t\t<span class=\"elementor-button-text\">BOOKING<\/span>\n\t\t\t\t\t<\/span>\n\t\t\t\t\t<\/a>\n\t\t\t\t\t\t\t\t<\/div>\n\t\t\t\t<\/div>\n\t\t\t\t\t<\/div>\n\t\t\t\t<\/div>\n\t\t<div class=\"elementor-element elementor-element-8609d58 e-flex e-con-boxed e-con e-parent\" data-id=\"8609d58\" data-element_type=\"container\" data-e-type=\"container\">\n\t\t\t\t\t<div class=\"e-con-inner\">\n\t\t<div class=\"elementor-element elementor-element-2e37f06 e-con-full e-flex e-con e-child\" data-id=\"2e37f06\" data-element_type=\"container\" data-e-type=\"container\">\n\t\t\t\t<div class=\"elementor-element elementor-element-8a1e515 elementor-widget elementor-widget-image\" data-id=\"8a1e515\" data-element_type=\"widget\" data-e-type=\"widget\" data-widget_type=\"image.default\">\n\t\t\t\t\t\t\t\t\t\t\t\t\t\t\t<img loading=\"lazy\" decoding=\"async\" width=\"800\" height=\"487\" src=\"https:\/\/hotelpajarapinta.com\/wp-content\/uploads\/2025\/02\/Mesa-de-trabajo-3-copia-41-1315x800.png\" class=\"attachment-large size-large wp-image-138\" alt=\"\" srcset=\"https:\/\/hotelpajarapinta.com\/wp-content\/uploads\/2025\/02\/Mesa-de-trabajo-3-copia-41-1315x800.png 1315w, https:\/\/hotelpajarapinta.com\/wp-content\/uploads\/2025\/02\/Mesa-de-trabajo-3-copia-41-658x400.png 658w, https:\/\/hotelpajarapinta.com\/wp-content\/uploads\/2025\/02\/Mesa-de-trabajo-3-copia-41-768x467.png 768w, https:\/\/hotelpajarapinta.com\/wp-content\/uploads\/2025\/02\/Mesa-de-trabajo-3-copia-41-1536x934.png 1536w, https:\/\/hotelpajarapinta.com\/wp-content\/uploads\/2025\/02\/Mesa-de-trabajo-3-copia-41-600x365.png 600w, https:\/\/hotelpajarapinta.com\/wp-content\/uploads\/2025\/02\/Mesa-de-trabajo-3-copia-41.png 1777w\" sizes=\"(max-width: 800px) 100vw, 800px\" \/>\t\t\t\t\t\t\t\t\t\t\t\t\t\t\t<\/div>\n\t\t\t\t<\/div>\n\t\t<div class=\"elementor-element elementor-element-e2f8aa9 e-con-full e-flex e-con e-child\" data-id=\"e2f8aa9\" data-element_type=\"container\" data-e-type=\"container\">\n\t\t\t\t<div class=\"elementor-element elementor-element-eaebe09 elementor-widget elementor-widget-image\" data-id=\"eaebe09\" data-element_type=\"widget\" data-e-type=\"widget\" data-widget_type=\"image.default\">\n\t\t\t\t\t\t\t\t\t\t\t\t\t\t\t<img loading=\"lazy\" decoding=\"async\" width=\"800\" height=\"487\" src=\"https:\/\/hotelpajarapinta.com\/wp-content\/uploads\/2025\/02\/Mesa-de-trabajo-3-copia-40-1315x800.png\" class=\"attachment-large size-large wp-image-137\" alt=\"\" srcset=\"https:\/\/hotelpajarapinta.com\/wp-content\/uploads\/2025\/02\/Mesa-de-trabajo-3-copia-40-1315x800.png 1315w, https:\/\/hotelpajarapinta.com\/wp-content\/uploads\/2025\/02\/Mesa-de-trabajo-3-copia-40-658x400.png 658w, https:\/\/hotelpajarapinta.com\/wp-content\/uploads\/2025\/02\/Mesa-de-trabajo-3-copia-40-768x467.png 768w, https:\/\/hotelpajarapinta.com\/wp-content\/uploads\/2025\/02\/Mesa-de-trabajo-3-copia-40-1536x934.png 1536w, https:\/\/hotelpajarapinta.com\/wp-content\/uploads\/2025\/02\/Mesa-de-trabajo-3-copia-40-600x365.png 600w, https:\/\/hotelpajarapinta.com\/wp-content\/uploads\/2025\/02\/Mesa-de-trabajo-3-copia-40.png 1777w\" sizes=\"(max-width: 800px) 100vw, 800px\" \/>\t\t\t\t\t\t\t\t\t\t\t\t\t\t\t<\/div>\n\t\t\t\t<\/div>\n\t\t<div class=\"elementor-element elementor-element-c94e520 e-con-full e-flex e-con e-child\" data-id=\"c94e520\" data-element_type=\"container\" data-e-type=\"container\">\n\t\t\t\t<div class=\"elementor-element elementor-element-0980445 elementor-widget elementor-widget-image\" data-id=\"0980445\" data-element_type=\"widget\" data-e-type=\"widget\" data-widget_type=\"image.default\">\n\t\t\t\t\t\t\t\t\t\t\t\t\t\t\t<img loading=\"lazy\" decoding=\"async\" width=\"800\" height=\"487\" src=\"https:\/\/hotelpajarapinta.com\/wp-content\/uploads\/2025\/02\/Mesa-de-trabajo-3-copia-39-1315x800.png\" class=\"attachment-large size-large wp-image-136\" alt=\"\" srcset=\"https:\/\/hotelpajarapinta.com\/wp-content\/uploads\/2025\/02\/Mesa-de-trabajo-3-copia-39-1315x800.png 1315w, https:\/\/hotelpajarapinta.com\/wp-content\/uploads\/2025\/02\/Mesa-de-trabajo-3-copia-39-658x400.png 658w, https:\/\/hotelpajarapinta.com\/wp-content\/uploads\/2025\/02\/Mesa-de-trabajo-3-copia-39-768x467.png 768w, https:\/\/hotelpajarapinta.com\/wp-content\/uploads\/2025\/02\/Mesa-de-trabajo-3-copia-39-1536x934.png 1536w, https:\/\/hotelpajarapinta.com\/wp-content\/uploads\/2025\/02\/Mesa-de-trabajo-3-copia-39-600x365.png 600w, https:\/\/hotelpajarapinta.com\/wp-content\/uploads\/2025\/02\/Mesa-de-trabajo-3-copia-39.png 1777w\" sizes=\"(max-width: 800px) 100vw, 800px\" \/>\t\t\t\t\t\t\t\t\t\t\t\t\t\t\t<\/div>\n\t\t\t\t<\/div>\n\t\t<div class=\"elementor-element elementor-element-a67e8f1 e-con-full e-flex e-con e-child\" data-id=\"a67e8f1\" data-element_type=\"container\" data-e-type=\"container\">\n\t\t\t\t<div class=\"elementor-element elementor-element-6985ed7 elementor-widget elementor-widget-image\" data-id=\"6985ed7\" data-element_type=\"widget\" data-e-type=\"widget\" data-widget_type=\"image.default\">\n\t\t\t\t\t\t\t\t\t\t\t\t\t\t\t<img loading=\"lazy\" decoding=\"async\" width=\"1921\" height=\"1081\" src=\"https:\/\/hotelpajarapinta.com\/wp-content\/uploads\/2025\/02\/Mesa-de-trabajo-1-copia-4.png\" class=\"attachment-full size-full wp-image-134\" alt=\"\" srcset=\"https:\/\/hotelpajarapinta.com\/wp-content\/uploads\/2025\/02\/Mesa-de-trabajo-1-copia-4.png 1921w, https:\/\/hotelpajarapinta.com\/wp-content\/uploads\/2025\/02\/Mesa-de-trabajo-1-copia-4-711x400.png 711w, https:\/\/hotelpajarapinta.com\/wp-content\/uploads\/2025\/02\/Mesa-de-trabajo-1-copia-4-1400x788.png 1400w, https:\/\/hotelpajarapinta.com\/wp-content\/uploads\/2025\/02\/Mesa-de-trabajo-1-copia-4-768x432.png 768w, https:\/\/hotelpajarapinta.com\/wp-content\/uploads\/2025\/02\/Mesa-de-trabajo-1-copia-4-1536x864.png 1536w, https:\/\/hotelpajarapinta.com\/wp-content\/uploads\/2025\/02\/Mesa-de-trabajo-1-copia-4-600x338.png 600w\" sizes=\"(max-width: 1921px) 100vw, 1921px\" \/>\t\t\t\t\t\t\t\t\t\t\t\t\t\t\t<\/div>\n\t\t\t\t<\/div>\n\t\t\t\t\t<\/div>\n\t\t\t\t<\/div>\n\t\t\t\t<\/div>","protected":false},"excerpt":{"rendered":"<p>HABITACI\u00d3N EST\u00c1NDAR Las habitaciones est\u00e1ndar:\u00a0 es un espacio con detalles coloniales,\u00a0 Su cama es de 1,40 X 2 mts, sus espacios brindan comodidad y el descanso necesario para disfrutar de la estad\u00eda, cuenta con aire acondicionado, televisi\u00f3n por cable , ba\u00f1o con agua caliente y un armario,\u00a0 Su acomodaci\u00f3n es para m\u00e1ximo 2 personas con [&hellip;]<\/p>\n","protected":false},"author":1,"featured_media":0,"parent":0,"menu_order":0,"comment_status":"closed","ping_status":"closed","template":"elementor_header_footer","meta":{"footnotes":""},"class_list":["post-291","page","type-page","status-publish","hentry"],"_links":{"self":[{"href":"https:\/\/hotelpajarapinta.com\/en\/wp-json\/wp\/v2\/pages\/291","targetHints":{"allow":["GET"]}}],"collection":[{"href":"https:\/\/hotelpajarapinta.com\/en\/wp-json\/wp\/v2\/pages"}],"about":[{"href":"https:\/\/hotelpajarapinta.com\/en\/wp-json\/wp\/v2\/types\/page"}],"author":[{"embeddable":true,"href":"https:\/\/hotelpajarapinta.com\/en\/wp-json\/wp\/v2\/users\/1"}],"replies":[{"embeddable":true,"href":"https:\/\/hotelpajarapinta.com\/en\/wp-json\/wp\/v2\/comments?post=291"}],"version-history":[{"count":17,"href":"https:\/\/hotelpajarapinta.com\/en\/wp-json\/wp\/v2\/pages\/291\/revisions"}],"predecessor-version":[{"id":392,"href":"https:\/\/hotelpajarapinta.com\/en\/wp-json\/wp\/v2\/pages\/291\/revisions\/392"}],"wp:attachment":[{"href":"https:\/\/hotelpajarapinta.com\/en\/wp-json\/wp\/v2\/media?parent=291"}],"curies":[{"name":"wp","href":"https:\/\/api.w.org\/{rel}","templated":true}]}}