{"id":275,"date":"2025-12-01T20:06:13","date_gmt":"2025-12-01T20:06:13","guid":{"rendered":"https:\/\/hotelpajarapinta.com\/?page_id=275"},"modified":"2025-12-13T21:06:55","modified_gmt":"2025-12-13T21:06:55","slug":"inicio","status":"publish","type":"page","link":"https:\/\/hotelpajarapinta.com\/en\/","title":{"rendered":"Home"},"content":{"rendered":"<div data-elementor-type=\"wp-post\" data-elementor-id=\"275\" class=\"elementor elementor-275\" data-elementor-post-type=\"page\">\n\t\t\t\t<div class=\"elementor-element elementor-element-93870c5 e-con-full e-flex e-con e-parent\" data-id=\"93870c5\" data-element_type=\"container\" data-e-type=\"container\">\n\t\t\t\t<div class=\"elementor-element elementor-element-e58e09f elementor--h-position-center elementor--v-position-middle elementor-arrows-position-inside elementor-pagination-position-inside elementor-widget elementor-widget-slides\" data-id=\"e58e09f\" data-element_type=\"widget\" data-e-type=\"widget\" data-settings=\"{&quot;navigation&quot;:&quot;both&quot;,&quot;autoplay&quot;:&quot;yes&quot;,&quot;pause_on_hover&quot;:&quot;yes&quot;,&quot;pause_on_interaction&quot;:&quot;yes&quot;,&quot;autoplay_speed&quot;:5000,&quot;infinite&quot;:&quot;yes&quot;,&quot;transition&quot;:&quot;slide&quot;,&quot;transition_speed&quot;:500}\" data-widget_type=\"slides.default\">\n\t\t\t\t\t\t\t\t\t\t<div class=\"elementor-slides-wrapper elementor-main-swiper swiper\" role=\"region\" aria-roledescription=\"carousel\" aria-label=\"Slides\" dir=\"ltr\" data-animation=\"fadeInUp\">\n\t\t\t\t<div class=\"swiper-wrapper elementor-slides\">\n\t\t\t\t\t\t\t\t\t\t<div class=\"elementor-repeater-item-d8d38dc swiper-slide\" role=\"group\" aria-roledescription=\"slide\"><div class=\"swiper-slide-bg\" role=\"img\" aria-label=\"Mesa de trabajo 1\"><\/div><div class=\"swiper-slide-inner\" ><div class=\"swiper-slide-contents\"><\/div><\/div><\/div>\t\t\t\t<\/div>\n\t\t\t\t\t\t\t<\/div>\n\t\t\t\t\t\t\t\t<\/div>\n\t\t\t\t<\/div>\n\t\t<div class=\"elementor-element elementor-element-4b78959 e-flex e-con-boxed e-con e-parent\" data-id=\"4b78959\" data-element_type=\"container\" data-e-type=\"container\">\n\t\t\t\t\t<div class=\"e-con-inner\">\n\t\t\t\t<div class=\"elementor-element elementor-element-331fd26 elementor-widget elementor-widget-heading\" data-id=\"331fd26\" data-element_type=\"widget\" data-e-type=\"widget\" data-widget_type=\"heading.default\">\n\t\t\t\t\t<h2 class=\"elementor-heading-title elementor-size-default\">Rooms<\/h2>\t\t\t\t<\/div>\n\t\t\t\t\t<\/div>\n\t\t\t\t<\/div>\n\t\t<div class=\"elementor-element elementor-element-4514db2 e-flex e-con-boxed e-con e-parent\" data-id=\"4514db2\" data-element_type=\"container\" data-e-type=\"container\">\n\t\t\t\t\t<div class=\"e-con-inner\">\n\t\t<div class=\"elementor-element elementor-element-9e6e740 e-con-full e-flex e-con e-child\" data-id=\"9e6e740\" data-element_type=\"container\" data-e-type=\"container\">\n\t\t\t\t<div class=\"elementor-element elementor-element-675347b elementor-position-top elementor-widget elementor-widget-image-box\" data-id=\"675347b\" data-element_type=\"widget\" data-e-type=\"widget\" data-widget_type=\"image-box.default\">\n\t\t\t\t\t<div class=\"elementor-image-box-wrapper\"><figure class=\"elementor-image-box-img\"><a href=\"https:\/\/hotelpajarapinta.com\/en\/habitacion-estandar\/\" tabindex=\"-1\"><img fetchpriority=\"high\" decoding=\"async\" width=\"1251\" height=\"1081\" src=\"https:\/\/hotelpajarapinta.com\/wp-content\/uploads\/2025\/02\/Mesa-de-trabajo-3-copia-37.png\" class=\"attachment-full size-full wp-image-101\" alt=\"\" srcset=\"https:\/\/hotelpajarapinta.com\/wp-content\/uploads\/2025\/02\/Mesa-de-trabajo-3-copia-37.png 1251w, https:\/\/hotelpajarapinta.com\/wp-content\/uploads\/2025\/02\/Mesa-de-trabajo-3-copia-37-463x400.png 463w, https:\/\/hotelpajarapinta.com\/wp-content\/uploads\/2025\/02\/Mesa-de-trabajo-3-copia-37-926x800.png 926w, https:\/\/hotelpajarapinta.com\/wp-content\/uploads\/2025\/02\/Mesa-de-trabajo-3-copia-37-768x664.png 768w, https:\/\/hotelpajarapinta.com\/wp-content\/uploads\/2025\/02\/Mesa-de-trabajo-3-copia-37-600x518.png 600w\" sizes=\"(max-width: 1251px) 100vw, 1251px\" \/><\/a><\/figure><div class=\"elementor-image-box-content\"><h3 class=\"elementor-image-box-title\"><a href=\"https:\/\/hotelpajarapinta.com\/en\/habitacion-estandar\/\">Standard Room<\/a><\/h3><p class=\"elementor-image-box-description\">See more<\/p><\/div><\/div>\t\t\t\t<\/div>\n\t\t\t\t<\/div>\n\t\t<div class=\"elementor-element elementor-element-d39f941 e-con-full e-flex e-con e-child\" data-id=\"d39f941\" data-element_type=\"container\" data-e-type=\"container\">\n\t\t\t\t<div class=\"elementor-element elementor-element-bb58f9d elementor-position-top elementor-widget elementor-widget-image-box\" data-id=\"bb58f9d\" data-element_type=\"widget\" data-e-type=\"widget\" data-widget_type=\"image-box.default\">\n\t\t\t\t\t<div class=\"elementor-image-box-wrapper\"><figure class=\"elementor-image-box-img\"><a href=\"https:\/\/hotelpajarapinta.com\/en\/habitacion-triple\/\" tabindex=\"-1\"><img decoding=\"async\" width=\"1251\" height=\"1081\" src=\"https:\/\/hotelpajarapinta.com\/wp-content\/uploads\/2025\/02\/Mesa-de-trabajo-3-copia-34.png\" class=\"attachment-full size-full wp-image-98\" alt=\"\" srcset=\"https:\/\/hotelpajarapinta.com\/wp-content\/uploads\/2025\/02\/Mesa-de-trabajo-3-copia-34.png 1251w, https:\/\/hotelpajarapinta.com\/wp-content\/uploads\/2025\/02\/Mesa-de-trabajo-3-copia-34-463x400.png 463w, https:\/\/hotelpajarapinta.com\/wp-content\/uploads\/2025\/02\/Mesa-de-trabajo-3-copia-34-926x800.png 926w, https:\/\/hotelpajarapinta.com\/wp-content\/uploads\/2025\/02\/Mesa-de-trabajo-3-copia-34-768x664.png 768w, https:\/\/hotelpajarapinta.com\/wp-content\/uploads\/2025\/02\/Mesa-de-trabajo-3-copia-34-600x518.png 600w\" sizes=\"(max-width: 1251px) 100vw, 1251px\" \/><\/a><\/figure><div class=\"elementor-image-box-content\"><h3 class=\"elementor-image-box-title\"><a href=\"https:\/\/hotelpajarapinta.com\/en\/habitacion-triple\/\">Triple Room<\/a><\/h3><p class=\"elementor-image-box-description\">See more<\/p><\/div><\/div>\t\t\t\t<\/div>\n\t\t\t\t<\/div>\n\t\t<div class=\"elementor-element elementor-element-6276f25 e-con-full e-flex e-con e-child\" data-id=\"6276f25\" data-element_type=\"container\" data-e-type=\"container\">\n\t\t\t\t<div class=\"elementor-element elementor-element-492e060 elementor-position-top elementor-widget elementor-widget-image-box\" data-id=\"492e060\" data-element_type=\"widget\" data-e-type=\"widget\" data-widget_type=\"image-box.default\">\n\t\t\t\t\t<div class=\"elementor-image-box-wrapper\"><figure class=\"elementor-image-box-img\"><a href=\"https:\/\/hotelpajarapinta.com\/en\/habitacion-quad\/\" tabindex=\"-1\"><img decoding=\"async\" width=\"1251\" height=\"1081\" src=\"https:\/\/hotelpajarapinta.com\/wp-content\/uploads\/2025\/02\/Mesa-de-trabajo-3-copia-35.png\" class=\"attachment-full size-full wp-image-99\" alt=\"\" srcset=\"https:\/\/hotelpajarapinta.com\/wp-content\/uploads\/2025\/02\/Mesa-de-trabajo-3-copia-35.png 1251w, https:\/\/hotelpajarapinta.com\/wp-content\/uploads\/2025\/02\/Mesa-de-trabajo-3-copia-35-463x400.png 463w, https:\/\/hotelpajarapinta.com\/wp-content\/uploads\/2025\/02\/Mesa-de-trabajo-3-copia-35-926x800.png 926w, https:\/\/hotelpajarapinta.com\/wp-content\/uploads\/2025\/02\/Mesa-de-trabajo-3-copia-35-768x664.png 768w, https:\/\/hotelpajarapinta.com\/wp-content\/uploads\/2025\/02\/Mesa-de-trabajo-3-copia-35-600x518.png 600w\" sizes=\"(max-width: 1251px) 100vw, 1251px\" \/><\/a><\/figure><div class=\"elementor-image-box-content\"><h3 class=\"elementor-image-box-title\"><a href=\"https:\/\/hotelpajarapinta.com\/en\/habitacion-quad\/\">Quad Rooms<\/a><\/h3><p class=\"elementor-image-box-description\">See more<\/p><\/div><\/div>\t\t\t\t<\/div>\n\t\t\t\t<\/div>\n\t\t<div class=\"elementor-element elementor-element-889fea7 e-con-full e-flex e-con e-child\" data-id=\"889fea7\" data-element_type=\"container\" data-e-type=\"container\">\n\t\t\t\t<div class=\"elementor-element elementor-element-cef3518 elementor-position-top elementor-widget elementor-widget-image-box\" data-id=\"cef3518\" data-element_type=\"widget\" data-e-type=\"widget\" data-widget_type=\"image-box.default\">\n\t\t\t\t\t<div class=\"elementor-image-box-wrapper\"><figure class=\"elementor-image-box-img\"><a href=\"https:\/\/hotelpajarapinta.com\/en\/habitacion-suite\/\" tabindex=\"-1\"><img loading=\"lazy\" decoding=\"async\" width=\"1251\" height=\"1081\" src=\"https:\/\/hotelpajarapinta.com\/wp-content\/uploads\/2025\/02\/Mesa-de-trabajo-3-copia-36.png\" class=\"attachment-full size-full wp-image-100\" alt=\"\" srcset=\"https:\/\/hotelpajarapinta.com\/wp-content\/uploads\/2025\/02\/Mesa-de-trabajo-3-copia-36.png 1251w, https:\/\/hotelpajarapinta.com\/wp-content\/uploads\/2025\/02\/Mesa-de-trabajo-3-copia-36-463x400.png 463w, https:\/\/hotelpajarapinta.com\/wp-content\/uploads\/2025\/02\/Mesa-de-trabajo-3-copia-36-926x800.png 926w, https:\/\/hotelpajarapinta.com\/wp-content\/uploads\/2025\/02\/Mesa-de-trabajo-3-copia-36-768x664.png 768w, https:\/\/hotelpajarapinta.com\/wp-content\/uploads\/2025\/02\/Mesa-de-trabajo-3-copia-36-600x518.png 600w\" sizes=\"(max-width: 1251px) 100vw, 1251px\" \/><\/a><\/figure><div class=\"elementor-image-box-content\"><h3 class=\"elementor-image-box-title\"><a href=\"https:\/\/hotelpajarapinta.com\/en\/habitacion-suite\/\">Deluxe Suite Room<\/a><\/h3><p class=\"elementor-image-box-description\">See more<\/p><\/div><\/div>\t\t\t\t<\/div>\n\t\t\t\t<\/div>\n\t\t\t\t\t<\/div>\n\t\t\t\t<\/div>\n\t\t<div class=\"elementor-element elementor-element-0abf08a e-flex e-con-boxed e-con e-parent\" data-id=\"0abf08a\" data-element_type=\"container\" data-e-type=\"container\">\n\t\t\t\t\t<div class=\"e-con-inner\">\n\t\t\t\t<div class=\"elementor-element elementor-element-c59feff elementor-widget elementor-widget-text-editor\" data-id=\"c59feff\" data-element_type=\"widget\" data-e-type=\"widget\" data-widget_type=\"text-editor.default\">\n\t\t\t\t\t\t\t\t\t<h4 style=\"text-align: center;\"><strong>HOTEL PAJARITA<\/strong><\/h4>\t\t\t\t\t\t\t\t<\/div>\n\t\t\t\t<div class=\"elementor-element elementor-element-ac1af2e elementor-widget-divider--view-line elementor-widget elementor-widget-divider\" data-id=\"ac1af2e\" data-element_type=\"widget\" data-e-type=\"widget\" data-widget_type=\"divider.default\">\n\t\t\t\t\t\t\t<div class=\"elementor-divider\">\n\t\t\t<span class=\"elementor-divider-separator\">\n\t\t\t\t\t\t<\/span>\n\t\t<\/div>\n\t\t\t\t\t\t<\/div>\n\t\t\t\t<div class=\"elementor-element elementor-element-44aedc9 elementor-widget elementor-widget-heading\" data-id=\"44aedc9\" data-element_type=\"widget\" data-e-type=\"widget\" data-widget_type=\"heading.default\">\n\t\t\t\t\t<h2 class=\"elementor-heading-title elementor-size-default\">THE HOTEL LOCATED IN THE EPICENTER OF FUN AND CULTURE<\/h2>\t\t\t\t<\/div>\n\t\t\t\t<div class=\"elementor-element elementor-element-ebd908a elementor-widget elementor-widget-text-editor\" data-id=\"ebd908a\" data-element_type=\"widget\" data-e-type=\"widget\" data-widget_type=\"text-editor.default\">\n\t\t\t\t\t\t\t\t\t<p style=\"text-align: center;\">Nestled in the historic San Antonio neighborhood of Cali, Colombia, our hotel offers a prime location for tourists and business travelers alike. Surrounded by the city's top attractions, including bars, restaurants, museums, and salsa schools, we provide exceptional lodging services. Our facilities seamlessly blend colonial charm with modern amenities, ensuring a one-of-a-kind experience marked by comfort, kindness, and warm hospitality.<\/p><p style=\"text-align: center;\">Our rooms are quiet, bright, comfortable, and colonial-style. All of them come with a private bathroom, digital cable TV, WIFI, and a closet<\/p>\t\t\t\t\t\t\t\t<\/div>\n\t\t\t\t\t<\/div>\n\t\t\t\t<\/div>\n\t\t<div class=\"elementor-element elementor-element-f516ceb e-flex e-con-boxed e-con e-parent\" data-id=\"f516ceb\" data-element_type=\"container\" data-e-type=\"container\" data-settings=\"{&quot;background_background&quot;:&quot;classic&quot;}\">\n\t\t\t\t\t<div class=\"e-con-inner\">\n\t\t<div class=\"elementor-element elementor-element-dbfe97a e-con-full e-flex e-con e-child\" data-id=\"dbfe97a\" data-element_type=\"container\" data-e-type=\"container\">\n\t\t\t\t<div class=\"elementor-element elementor-element-5e35224 elementor-widget elementor-widget-heading\" data-id=\"5e35224\" data-element_type=\"widget\" data-e-type=\"widget\" data-widget_type=\"heading.default\">\n\t\t\t\t\t<h2 class=\"elementor-heading-title elementor-size-default\">AN UNFORGETTABLE EXPERIENCE <\/h2>\t\t\t\t<\/div>\n\t\t\t\t<div class=\"elementor-element elementor-element-f860481 elementor-widget elementor-widget-text-editor\" data-id=\"f860481\" data-element_type=\"widget\" data-e-type=\"widget\" data-widget_type=\"text-editor.default\">\n\t\t\t\t\t\t\t\t\t<p>We offer 4 types of rooms: Executive King Suites, Quadruple Rooms, Triple Rooms, and Standard Double Rooms. Our facilities include a poolside terrace, comfortable meeting spaces, and a coworking are<\/p>\t\t\t\t\t\t\t\t<\/div>\n\t\t\t\t<\/div>\n\t\t<div class=\"elementor-element elementor-element-11b5fe7 e-con-full e-flex e-con e-child\" data-id=\"11b5fe7\" data-element_type=\"container\" data-e-type=\"container\">\n\t\t\t\t<div class=\"elementor-element elementor-element-52c1d3f elementor-widget elementor-widget-image\" data-id=\"52c1d3f\" data-element_type=\"widget\" data-e-type=\"widget\" data-widget_type=\"image.default\">\n\t\t\t\t\t\t\t\t\t\t\t\t\t\t\t<img loading=\"lazy\" decoding=\"async\" width=\"410\" height=\"800\" src=\"https:\/\/hotelpajarapinta.com\/wp-content\/uploads\/2025\/02\/Mesa-de-trabajo-3-copia-11-410x800.png\" class=\"attachment-large size-large wp-image-103\" alt=\"\" srcset=\"https:\/\/hotelpajarapinta.com\/wp-content\/uploads\/2025\/02\/Mesa-de-trabajo-3-copia-11-410x800.png 410w, https:\/\/hotelpajarapinta.com\/wp-content\/uploads\/2025\/02\/Mesa-de-trabajo-3-copia-11-205x400.png 205w, https:\/\/hotelpajarapinta.com\/wp-content\/uploads\/2025\/02\/Mesa-de-trabajo-3-copia-11-768x1500.png 768w, https:\/\/hotelpajarapinta.com\/wp-content\/uploads\/2025\/02\/Mesa-de-trabajo-3-copia-11-786x1536.png 786w, https:\/\/hotelpajarapinta.com\/wp-content\/uploads\/2025\/02\/Mesa-de-trabajo-3-copia-11-600x1172.png 600w, https:\/\/hotelpajarapinta.com\/wp-content\/uploads\/2025\/02\/Mesa-de-trabajo-3-copia-11.png 834w\" sizes=\"(max-width: 410px) 100vw, 410px\" \/>\t\t\t\t\t\t\t\t\t\t\t\t\t\t\t<\/div>\n\t\t\t\t<\/div>\n\t\t<div class=\"elementor-element elementor-element-3e624fe e-con-full e-flex e-con e-child\" data-id=\"3e624fe\" data-element_type=\"container\" data-e-type=\"container\">\n\t\t\t\t<div class=\"elementor-element elementor-element-59b11da elementor-widget elementor-widget-image\" data-id=\"59b11da\" data-element_type=\"widget\" data-e-type=\"widget\" data-widget_type=\"image.default\">\n\t\t\t\t\t\t\t\t\t\t\t\t\t\t\t<img loading=\"lazy\" decoding=\"async\" width=\"410\" height=\"800\" src=\"https:\/\/hotelpajarapinta.com\/wp-content\/uploads\/2025\/02\/Mesa-de-trabajo-3-copia-12-410x800.png\" class=\"attachment-large size-large wp-image-104\" alt=\"\" srcset=\"https:\/\/hotelpajarapinta.com\/wp-content\/uploads\/2025\/02\/Mesa-de-trabajo-3-copia-12-410x800.png 410w, https:\/\/hotelpajarapinta.com\/wp-content\/uploads\/2025\/02\/Mesa-de-trabajo-3-copia-12-205x400.png 205w, https:\/\/hotelpajarapinta.com\/wp-content\/uploads\/2025\/02\/Mesa-de-trabajo-3-copia-12-768x1500.png 768w, https:\/\/hotelpajarapinta.com\/wp-content\/uploads\/2025\/02\/Mesa-de-trabajo-3-copia-12-786x1536.png 786w, https:\/\/hotelpajarapinta.com\/wp-content\/uploads\/2025\/02\/Mesa-de-trabajo-3-copia-12-600x1172.png 600w, https:\/\/hotelpajarapinta.com\/wp-content\/uploads\/2025\/02\/Mesa-de-trabajo-3-copia-12.png 834w\" sizes=\"(max-width: 410px) 100vw, 410px\" \/>\t\t\t\t\t\t\t\t\t\t\t\t\t\t\t<\/div>\n\t\t\t\t<\/div>\n\t\t<div class=\"elementor-element elementor-element-2331001 e-con-full e-flex e-con e-child\" data-id=\"2331001\" data-element_type=\"container\" data-e-type=\"container\">\n\t\t\t\t<div class=\"elementor-element elementor-element-1cb87be elementor-widget elementor-widget-image\" data-id=\"1cb87be\" data-element_type=\"widget\" data-e-type=\"widget\" data-widget_type=\"image.default\">\n\t\t\t\t\t\t\t\t\t\t\t\t\t\t\t<img loading=\"lazy\" decoding=\"async\" width=\"410\" height=\"800\" src=\"https:\/\/hotelpajarapinta.com\/wp-content\/uploads\/2025\/02\/Mesa-de-trabajo-3-copia-5-410x800.png\" class=\"attachment-large size-large wp-image-102\" alt=\"\" srcset=\"https:\/\/hotelpajarapinta.com\/wp-content\/uploads\/2025\/02\/Mesa-de-trabajo-3-copia-5-410x800.png 410w, https:\/\/hotelpajarapinta.com\/wp-content\/uploads\/2025\/02\/Mesa-de-trabajo-3-copia-5-205x400.png 205w, https:\/\/hotelpajarapinta.com\/wp-content\/uploads\/2025\/02\/Mesa-de-trabajo-3-copia-5-768x1500.png 768w, https:\/\/hotelpajarapinta.com\/wp-content\/uploads\/2025\/02\/Mesa-de-trabajo-3-copia-5-786x1536.png 786w, https:\/\/hotelpajarapinta.com\/wp-content\/uploads\/2025\/02\/Mesa-de-trabajo-3-copia-5-600x1172.png 600w, https:\/\/hotelpajarapinta.com\/wp-content\/uploads\/2025\/02\/Mesa-de-trabajo-3-copia-5.png 834w\" sizes=\"(max-width: 410px) 100vw, 410px\" \/>\t\t\t\t\t\t\t\t\t\t\t\t\t\t\t<\/div>\n\t\t\t\t<\/div>\n\t\t\t\t\t<\/div>\n\t\t\t\t<\/div>\n\t\t<div class=\"elementor-element elementor-element-83d6c59 e-flex e-con-boxed e-con e-parent\" data-id=\"83d6c59\" data-element_type=\"container\" data-e-type=\"container\">\n\t\t\t\t\t<div class=\"e-con-inner\">\n\t\t\t\t<div class=\"elementor-element elementor-element-3373947 elementor-widget elementor-widget-heading\" data-id=\"3373947\" data-element_type=\"widget\" data-e-type=\"widget\" data-widget_type=\"heading.default\">\n\t\t\t\t\t<h2 class=\"elementor-heading-title elementor-size-default\">HOTEL SERVICES<\/h2>\t\t\t\t<\/div>\n\t\t\t\t\t<\/div>\n\t\t\t\t<\/div>\n\t\t<div class=\"elementor-element elementor-element-b06669d e-flex e-con-boxed e-con e-parent\" data-id=\"b06669d\" data-element_type=\"container\" data-e-type=\"container\">\n\t\t\t\t\t<div class=\"e-con-inner\">\n\t\t<div class=\"elementor-element elementor-element-817483b e-con-full e-flex e-con e-child\" data-id=\"817483b\" data-element_type=\"container\" data-e-type=\"container\">\n\t\t\t\t<div class=\"elementor-element elementor-element-fd2164f elementor-widget elementor-widget-text-editor\" data-id=\"fd2164f\" data-element_type=\"widget\" data-e-type=\"widget\" data-widget_type=\"text-editor.default\">\n\t\t\t\t\t\t\t\t\t<p><img loading=\"lazy\" decoding=\"async\" class=\"alignnone wp-image-180\" src=\"https:\/\/hotelpajarapinta.com\/wp-content\/uploads\/2025\/02\/Mesa-de-trabajo-3-copia-13-400x400.png\" alt=\"\" width=\"33\" height=\"33\" srcset=\"https:\/\/hotelpajarapinta.com\/wp-content\/uploads\/2025\/02\/Mesa-de-trabajo-3-copia-13-400x400.png 400w, https:\/\/hotelpajarapinta.com\/wp-content\/uploads\/2025\/02\/Mesa-de-trabajo-3-copia-13-799x800.png 799w, https:\/\/hotelpajarapinta.com\/wp-content\/uploads\/2025\/02\/Mesa-de-trabajo-3-copia-13-280x280.png 280w, https:\/\/hotelpajarapinta.com\/wp-content\/uploads\/2025\/02\/Mesa-de-trabajo-3-copia-13-768x769.png 768w, https:\/\/hotelpajarapinta.com\/wp-content\/uploads\/2025\/02\/Mesa-de-trabajo-3-copia-13-300x300.png 300w, https:\/\/hotelpajarapinta.com\/wp-content\/uploads\/2025\/02\/Mesa-de-trabajo-3-copia-13-600x601.png 600w, https:\/\/hotelpajarapinta.com\/wp-content\/uploads\/2025\/02\/Mesa-de-trabajo-3-copia-13-100x100.png 100w, https:\/\/hotelpajarapinta.com\/wp-content\/uploads\/2025\/02\/Mesa-de-trabajo-3-copia-13.png 1080w\" sizes=\"(max-width: 33px) 100vw, 33px\" \/> Restaurant<\/p><p><img loading=\"lazy\" decoding=\"async\" class=\"alignnone wp-image-182\" src=\"https:\/\/hotelpajarapinta.com\/wp-content\/uploads\/2025\/02\/Mesa-de-trabajo-3-copia-15-400x400.png\" alt=\"\" width=\"33\" height=\"33\" srcset=\"https:\/\/hotelpajarapinta.com\/wp-content\/uploads\/2025\/02\/Mesa-de-trabajo-3-copia-15-400x400.png 400w, https:\/\/hotelpajarapinta.com\/wp-content\/uploads\/2025\/02\/Mesa-de-trabajo-3-copia-15-800x800.png 800w, https:\/\/hotelpajarapinta.com\/wp-content\/uploads\/2025\/02\/Mesa-de-trabajo-3-copia-15-280x280.png 280w, https:\/\/hotelpajarapinta.com\/wp-content\/uploads\/2025\/02\/Mesa-de-trabajo-3-copia-15-768x768.png 768w, https:\/\/hotelpajarapinta.com\/wp-content\/uploads\/2025\/02\/Mesa-de-trabajo-3-copia-15-300x300.png 300w, https:\/\/hotelpajarapinta.com\/wp-content\/uploads\/2025\/02\/Mesa-de-trabajo-3-copia-15-600x600.png 600w, https:\/\/hotelpajarapinta.com\/wp-content\/uploads\/2025\/02\/Mesa-de-trabajo-3-copia-15-100x100.png 100w, https:\/\/hotelpajarapinta.com\/wp-content\/uploads\/2025\/02\/Mesa-de-trabajo-3-copia-15.png 1081w\" sizes=\"(max-width: 33px) 100vw, 33px\" \/> Swimming Pool\u00a0<\/p><p><img loading=\"lazy\" decoding=\"async\" class=\"alignnone wp-image-183\" src=\"https:\/\/hotelpajarapinta.com\/wp-content\/uploads\/2025\/02\/Mesa-de-trabajo-3-copia-16-400x400.png\" alt=\"\" width=\"30\" height=\"30\" srcset=\"https:\/\/hotelpajarapinta.com\/wp-content\/uploads\/2025\/02\/Mesa-de-trabajo-3-copia-16-400x400.png 400w, https:\/\/hotelpajarapinta.com\/wp-content\/uploads\/2025\/02\/Mesa-de-trabajo-3-copia-16-800x800.png 800w, https:\/\/hotelpajarapinta.com\/wp-content\/uploads\/2025\/02\/Mesa-de-trabajo-3-copia-16-280x280.png 280w, https:\/\/hotelpajarapinta.com\/wp-content\/uploads\/2025\/02\/Mesa-de-trabajo-3-copia-16-768x768.png 768w, https:\/\/hotelpajarapinta.com\/wp-content\/uploads\/2025\/02\/Mesa-de-trabajo-3-copia-16-300x300.png 300w, https:\/\/hotelpajarapinta.com\/wp-content\/uploads\/2025\/02\/Mesa-de-trabajo-3-copia-16-600x600.png 600w, https:\/\/hotelpajarapinta.com\/wp-content\/uploads\/2025\/02\/Mesa-de-trabajo-3-copia-16-100x100.png 100w, https:\/\/hotelpajarapinta.com\/wp-content\/uploads\/2025\/02\/Mesa-de-trabajo-3-copia-16.png 1081w\" sizes=\"(max-width: 30px) 100vw, 30px\" \/> Free WiFi<\/p>\t\t\t\t\t\t\t\t<\/div>\n\t\t\t\t<\/div>\n\t\t<div class=\"elementor-element elementor-element-72e6fc8 e-con-full e-flex e-con e-child\" data-id=\"72e6fc8\" data-element_type=\"container\" data-e-type=\"container\">\n\t\t\t\t<div class=\"elementor-element elementor-element-46e7318 elementor-widget elementor-widget-text-editor\" data-id=\"46e7318\" data-element_type=\"widget\" data-e-type=\"widget\" data-widget_type=\"text-editor.default\">\n\t\t\t\t\t\t\t\t\t<p><img loading=\"lazy\" decoding=\"async\" class=\"alignnone  wp-image-186\" src=\"https:\/\/hotelpajarapinta.com\/wp-content\/uploads\/2025\/02\/Mesa-de-trabajo-3-copia-51-400x400.png\" alt=\"\" width=\"34\" height=\"34\" srcset=\"https:\/\/hotelpajarapinta.com\/wp-content\/uploads\/2025\/02\/Mesa-de-trabajo-3-copia-51-400x400.png 400w, https:\/\/hotelpajarapinta.com\/wp-content\/uploads\/2025\/02\/Mesa-de-trabajo-3-copia-51-800x800.png 800w, https:\/\/hotelpajarapinta.com\/wp-content\/uploads\/2025\/02\/Mesa-de-trabajo-3-copia-51-280x280.png 280w, https:\/\/hotelpajarapinta.com\/wp-content\/uploads\/2025\/02\/Mesa-de-trabajo-3-copia-51-768x768.png 768w, https:\/\/hotelpajarapinta.com\/wp-content\/uploads\/2025\/02\/Mesa-de-trabajo-3-copia-51-300x300.png 300w, https:\/\/hotelpajarapinta.com\/wp-content\/uploads\/2025\/02\/Mesa-de-trabajo-3-copia-51-600x600.png 600w, https:\/\/hotelpajarapinta.com\/wp-content\/uploads\/2025\/02\/Mesa-de-trabajo-3-copia-51-100x100.png 100w, https:\/\/hotelpajarapinta.com\/wp-content\/uploads\/2025\/02\/Mesa-de-trabajo-3-copia-51.png 1081w\" sizes=\"(max-width: 34px) 100vw, 34px\" \/>\u00a0 Room Service<\/p><p><img loading=\"lazy\" decoding=\"async\" class=\"alignnone  wp-image-187\" src=\"https:\/\/hotelpajarapinta.com\/wp-content\/uploads\/2025\/02\/Mesa-de-trabajo-3-copia-52-400x400.png\" alt=\"\" width=\"32\" height=\"32\" srcset=\"https:\/\/hotelpajarapinta.com\/wp-content\/uploads\/2025\/02\/Mesa-de-trabajo-3-copia-52-400x400.png 400w, https:\/\/hotelpajarapinta.com\/wp-content\/uploads\/2025\/02\/Mesa-de-trabajo-3-copia-52-800x800.png 800w, https:\/\/hotelpajarapinta.com\/wp-content\/uploads\/2025\/02\/Mesa-de-trabajo-3-copia-52-280x280.png 280w, https:\/\/hotelpajarapinta.com\/wp-content\/uploads\/2025\/02\/Mesa-de-trabajo-3-copia-52-768x768.png 768w, https:\/\/hotelpajarapinta.com\/wp-content\/uploads\/2025\/02\/Mesa-de-trabajo-3-copia-52-300x300.png 300w, https:\/\/hotelpajarapinta.com\/wp-content\/uploads\/2025\/02\/Mesa-de-trabajo-3-copia-52-600x600.png 600w, https:\/\/hotelpajarapinta.com\/wp-content\/uploads\/2025\/02\/Mesa-de-trabajo-3-copia-52-100x100.png 100w, https:\/\/hotelpajarapinta.com\/wp-content\/uploads\/2025\/02\/Mesa-de-trabajo-3-copia-52.png 1081w\" sizes=\"(max-width: 32px) 100vw, 32px\" \/>\u00a0 Smoke-Free<\/p><p><img loading=\"lazy\" decoding=\"async\" class=\"alignnone  wp-image-185\" src=\"https:\/\/hotelpajarapinta.com\/wp-content\/uploads\/2025\/02\/Mesa-de-trabajo-3-copia-50-400x400.png\" alt=\"\" width=\"37\" height=\"37\" srcset=\"https:\/\/hotelpajarapinta.com\/wp-content\/uploads\/2025\/02\/Mesa-de-trabajo-3-copia-50-400x400.png 400w, https:\/\/hotelpajarapinta.com\/wp-content\/uploads\/2025\/02\/Mesa-de-trabajo-3-copia-50-799x800.png 799w, https:\/\/hotelpajarapinta.com\/wp-content\/uploads\/2025\/02\/Mesa-de-trabajo-3-copia-50-280x280.png 280w, https:\/\/hotelpajarapinta.com\/wp-content\/uploads\/2025\/02\/Mesa-de-trabajo-3-copia-50-768x769.png 768w, https:\/\/hotelpajarapinta.com\/wp-content\/uploads\/2025\/02\/Mesa-de-trabajo-3-copia-50-300x300.png 300w, https:\/\/hotelpajarapinta.com\/wp-content\/uploads\/2025\/02\/Mesa-de-trabajo-3-copia-50-600x601.png 600w, https:\/\/hotelpajarapinta.com\/wp-content\/uploads\/2025\/02\/Mesa-de-trabajo-3-copia-50-100x100.png 100w, https:\/\/hotelpajarapinta.com\/wp-content\/uploads\/2025\/02\/Mesa-de-trabajo-3-copia-50.png 1080w\" sizes=\"(max-width: 37px) 100vw, 37px\" \/> Meeting Space<\/p>\t\t\t\t\t\t\t\t<\/div>\n\t\t\t\t<\/div>\n\t\t\t\t\t<\/div>\n\t\t\t\t<\/div>\n\t\t\t\t<\/div>","protected":false},"excerpt":{"rendered":"<p>Habitaciones Habitaci\u00f3n est\u00e1ndar Ver m\u00e1s Habitaci\u00f3n triple Ver m\u00e1s Habitaci\u00f3n quad Ver m\u00e1s Suite deluxe Ver m\u00e1s HOTEL PAJARITA EL HOTEL UBICADO EN EL EPICENTRO DE LA DIVERSI\u00d3N Y LA CULTURA Somos un hotel situado en el antiguo barrio San Antonio de la ciudad de Cali (Colombia), con una\u00a0 ubicaci\u00f3n muy conveniente para turistas y [&hellip;]<\/p>\n","protected":false},"author":1,"featured_media":0,"parent":0,"menu_order":0,"comment_status":"closed","ping_status":"closed","template":"elementor_header_footer","meta":{"footnotes":""},"class_list":["post-275","page","type-page","status-publish","hentry"],"_links":{"self":[{"href":"https:\/\/hotelpajarapinta.com\/en\/wp-json\/wp\/v2\/pages\/275","targetHints":{"allow":["GET"]}}],"collection":[{"href":"https:\/\/hotelpajarapinta.com\/en\/wp-json\/wp\/v2\/pages"}],"about":[{"href":"https:\/\/hotelpajarapinta.com\/en\/wp-json\/wp\/v2\/types\/page"}],"author":[{"embeddable":true,"href":"https:\/\/hotelpajarapinta.com\/en\/wp-json\/wp\/v2\/users\/1"}],"replies":[{"embeddable":true,"href":"https:\/\/hotelpajarapinta.com\/en\/wp-json\/wp\/v2\/comments?post=275"}],"version-history":[{"count":26,"href":"https:\/\/hotelpajarapinta.com\/en\/wp-json\/wp\/v2\/pages\/275\/revisions"}],"predecessor-version":[{"id":404,"href":"https:\/\/hotelpajarapinta.com\/en\/wp-json\/wp\/v2\/pages\/275\/revisions\/404"}],"wp:attachment":[{"href":"https:\/\/hotelpajarapinta.com\/en\/wp-json\/wp\/v2\/media?parent=275"}],"curies":[{"name":"wp","href":"https:\/\/api.w.org\/{rel}","templated":true}]}}